{"id":469,"date":"2013-03-08T19:26:58","date_gmt":"2013-03-08T18:26:58","guid":{"rendered":"http:\/\/www.seatragadm.it\/lavora-con-noi-2\/"},"modified":"2013-05-20T18:52:05","modified_gmt":"2013-05-20T16:52:05","slug":"travailler-avec-nous","status":"publish","type":"page","link":"https:\/\/www.seatragadm.it\/fr\/travailler-avec-nous\/","title":{"rendered":"Travailler avec nous"},"content":{"rendered":"\n<div class=\"wpcf7 no-js\" id=\"wpcf7-f492-o1\" lang=\"en-US\" dir=\"ltr\">\n<div class=\"screen-reader-response\"><p role=\"status\" aria-live=\"polite\" aria-atomic=\"true\"><\/p> <ul><\/ul><\/div>\n<form action=\"\/fr\/wp-json\/wp\/v2\/pages\/469#wpcf7-f492-o1\" method=\"post\" class=\"wpcf7-form init\" aria-label=\"Contact form\" enctype=\"multipart\/form-data\" novalidate=\"novalidate\" data-status=\"init\">\n<div style=\"display: none;\">\n<input type=\"hidden\" name=\"_wpcf7\" value=\"492\" \/>\n<input type=\"hidden\" name=\"_wpcf7_version\" value=\"5.8.6\" \/>\n<input type=\"hidden\" name=\"_wpcf7_locale\" value=\"en_US\" \/>\n<input type=\"hidden\" name=\"_wpcf7_unit_tag\" value=\"wpcf7-f492-o1\" \/>\n<input type=\"hidden\" name=\"_wpcf7_container_post\" value=\"0\" \/>\n<input type=\"hidden\" name=\"_wpcf7_posted_data_hash\" value=\"\" \/>\n<input type=\"hidden\" name=\"_wpcf7_recaptcha_response\" value=\"\" \/>\n<\/div>\n<div class=\"lcn-box\">\n\t<div class=\"form-input\">\n\t\t<p><label for=\"lcn_name\">* Nom et pr\u00e9nom<\/label><span class=\"wpcf7-form-control-wrap\" data-name=\"lcn_name\"><input size=\"40\" class=\"wpcf7-form-control wpcf7-text wpcf7-validates-as-required\" aria-required=\"true\" aria-invalid=\"false\" value=\"\" type=\"text\" name=\"lcn_name\" \/><\/span>\n\t\t<\/p>\n\t<\/div>\n\t<div class=\"form-input\">\n\t\t<p><label for=\"lcn_email\">* Email<\/label><span class=\"wpcf7-form-control-wrap\" data-name=\"lcn_email\"><input size=\"40\" class=\"wpcf7-form-control wpcf7-email wpcf7-validates-as-required wpcf7-text wpcf7-validates-as-email\" aria-required=\"true\" aria-invalid=\"false\" value=\"\" type=\"email\" name=\"lcn_email\" \/><\/span>\n\t\t<\/p>\n\t<\/div>\n\t<div class=\"form-input\">\n\t\t<p><label for=\"lcn_cv\">* CV<\/label><span class=\"wpcf7-form-control-wrap\" data-name=\"lcn_cv\"><input size=\"40\" class=\"wpcf7-form-control wpcf7-file wpcf7-validates-as-required\" accept=\"audio\/*,video\/*,image\/*\" aria-required=\"true\" aria-invalid=\"false\" type=\"file\" name=\"lcn_cv\" \/><\/span>\n\t\t<\/p>\n\t<\/div>\n\t<div class=\"form-input\">\n\t\t<p><label for=\"lcn_note\">Remarque<\/label><span class=\"wpcf7-form-control-wrap\" data-name=\"lcn_note\"><textarea cols=\"40\" rows=\"10\" class=\"wpcf7-form-control wpcf7-textarea\" aria-invalid=\"false\" name=\"lcn_note\"><\/textarea><\/span>\n\t\t<\/p>\n\t<\/div>\n\t<div class=\"clearfix\">\n\t<\/div>\n\t<div class=\"form-checkbox\">\n\t\t<p><span class=\"wpcf7-form-control-wrap\" data-name=\"c_privacy\"><span class=\"wpcf7-form-control wpcf7-acceptance\"><span class=\"wpcf7-list-item\"><input type=\"checkbox\" name=\"c_privacy\" value=\"1\" id=\"privacyCheck\" aria-invalid=\"false\" \/><\/span><\/span><\/span><label class=\"checkboxPrivacy\" for=\"privacyCheck\">Je confirme que je consens au traitement de mes donn\u00e9es personnelles \u00e0 des fins strictement li\u00e9es aux services fournis, conform\u00e9ment \u00e0 aucun d\u00e9cret l\u00e9gislatif. No.196\/2003 Politique de confidentialit\u00e9<\/label>\n\t\t<\/p>\n\t<\/div>\n\t<div class=\"obbligatori\">\n\t\t<p>* champs demand\u00e9s\n\t\t<\/p>\n\t<\/div>\n\t<p><input class=\"wpcf7-form-control wpcf7-submit has-spinner inviaContatti\" type=\"submit\" value=\"Send\" \/>\n\t<\/p>\n<\/div><div class=\"wpcf7-response-output\" aria-hidden=\"true\"><\/div>\n<\/form>\n<\/div>\n\n","protected":false},"excerpt":{"rendered":"","protected":false},"author":30,"featured_media":0,"parent":0,"menu_order":0,"comment_status":"open","ping_status":"open","template":"","meta":{"footnotes":""},"acf":[],"yoast_head":"<!-- This site is optimized with the Yoast SEO plugin v21.8 - https:\/\/yoast.com\/wordpress\/plugins\/seo\/ -->\n<title>Travailler avec nous - Seatrag Autostrade del Mare S.r.l.<\/title>\n<meta name=\"robots\" content=\"index, follow, max-snippet:-1, max-image-preview:large, max-video-preview:-1\" \/>\n<link rel=\"canonical\" href=\"https:\/\/www.seatragadm.it\/lavora-con-noi\/\" \/>\n<meta property=\"og:locale\" content=\"fr_FR\" \/>\n<meta property=\"og:type\" content=\"article\" \/>\n<meta property=\"og:title\" content=\"Travailler avec nous - Seatrag Autostrade del Mare S.r.l.\" \/>\n<meta property=\"og:url\" content=\"https:\/\/www.seatragadm.it\/lavora-con-noi\/\" \/>\n<meta property=\"og:site_name\" content=\"Seatrag Autostrade del Mare S.r.l.\" \/>\n<meta property=\"article:modified_time\" content=\"2013-05-20T16:52:05+00:00\" \/>\n<meta name=\"twitter:card\" content=\"summary_large_image\" \/>\n<script type=\"application\/ld+json\" class=\"yoast-schema-graph\">{\"@context\":\"https:\/\/schema.org\",\"@graph\":[{\"@type\":\"WebPage\",\"@id\":\"https:\/\/www.seatragadm.it\/lavora-con-noi\/\",\"url\":\"https:\/\/www.seatragadm.it\/lavora-con-noi\/\",\"name\":\"Travailler avec nous - Seatrag Autostrade del Mare S.r.l.\",\"isPartOf\":{\"@id\":\"https:\/\/www.seatragadm.it\/#website\"},\"datePublished\":\"2013-03-08T18:26:58+00:00\",\"dateModified\":\"2013-05-20T16:52:05+00:00\",\"breadcrumb\":{\"@id\":\"https:\/\/www.seatragadm.it\/lavora-con-noi\/#breadcrumb\"},\"inLanguage\":\"fr-FR\",\"potentialAction\":[{\"@type\":\"ReadAction\",\"target\":[\"https:\/\/www.seatragadm.it\/lavora-con-noi\/\"]}]},{\"@type\":\"BreadcrumbList\",\"@id\":\"https:\/\/www.seatragadm.it\/lavora-con-noi\/#breadcrumb\",\"itemListElement\":[{\"@type\":\"ListItem\",\"position\":1,\"name\":\"Home\",\"item\":\"https:\/\/www.seatragadm.it\/\"},{\"@type\":\"ListItem\",\"position\":2,\"name\":\"Travailler avec nous\"}]},{\"@type\":\"WebSite\",\"@id\":\"https:\/\/www.seatragadm.it\/#website\",\"url\":\"https:\/\/www.seatragadm.it\/\",\"name\":\"Seatrag Autostrade del Mare S.r.l.\",\"description\":\"\",\"potentialAction\":[{\"@type\":\"SearchAction\",\"target\":{\"@type\":\"EntryPoint\",\"urlTemplate\":\"https:\/\/www.seatragadm.it\/?s={search_term_string}\"},\"query-input\":\"required name=search_term_string\"}],\"inLanguage\":\"fr-FR\"}]}<\/script>\n<!-- \/ Yoast SEO plugin. -->","yoast_head_json":{"title":"Travailler avec nous - Seatrag Autostrade del Mare S.r.l.","robots":{"index":"index","follow":"follow","max-snippet":"max-snippet:-1","max-image-preview":"max-image-preview:large","max-video-preview":"max-video-preview:-1"},"canonical":"https:\/\/www.seatragadm.it\/lavora-con-noi\/","og_locale":"fr_FR","og_type":"article","og_title":"Travailler avec nous - Seatrag Autostrade del Mare S.r.l.","og_url":"https:\/\/www.seatragadm.it\/lavora-con-noi\/","og_site_name":"Seatrag Autostrade del Mare S.r.l.","article_modified_time":"2013-05-20T16:52:05+00:00","twitter_card":"summary_large_image","schema":{"@context":"https:\/\/schema.org","@graph":[{"@type":"WebPage","@id":"https:\/\/www.seatragadm.it\/lavora-con-noi\/","url":"https:\/\/www.seatragadm.it\/lavora-con-noi\/","name":"Travailler avec nous - Seatrag Autostrade del Mare S.r.l.","isPartOf":{"@id":"https:\/\/www.seatragadm.it\/#website"},"datePublished":"2013-03-08T18:26:58+00:00","dateModified":"2013-05-20T16:52:05+00:00","breadcrumb":{"@id":"https:\/\/www.seatragadm.it\/lavora-con-noi\/#breadcrumb"},"inLanguage":"fr-FR","potentialAction":[{"@type":"ReadAction","target":["https:\/\/www.seatragadm.it\/lavora-con-noi\/"]}]},{"@type":"BreadcrumbList","@id":"https:\/\/www.seatragadm.it\/lavora-con-noi\/#breadcrumb","itemListElement":[{"@type":"ListItem","position":1,"name":"Home","item":"https:\/\/www.seatragadm.it\/"},{"@type":"ListItem","position":2,"name":"Travailler avec nous"}]},{"@type":"WebSite","@id":"https:\/\/www.seatragadm.it\/#website","url":"https:\/\/www.seatragadm.it\/","name":"Seatrag Autostrade del Mare S.r.l.","description":"","potentialAction":[{"@type":"SearchAction","target":{"@type":"EntryPoint","urlTemplate":"https:\/\/www.seatragadm.it\/?s={search_term_string}"},"query-input":"required name=search_term_string"}],"inLanguage":"fr-FR"}]}},"_links":{"self":[{"href":"https:\/\/www.seatragadm.it\/fr\/wp-json\/wp\/v2\/pages\/469"}],"collection":[{"href":"https:\/\/www.seatragadm.it\/fr\/wp-json\/wp\/v2\/pages"}],"about":[{"href":"https:\/\/www.seatragadm.it\/fr\/wp-json\/wp\/v2\/types\/page"}],"author":[{"embeddable":true,"href":"https:\/\/www.seatragadm.it\/fr\/wp-json\/wp\/v2\/users\/30"}],"replies":[{"embeddable":true,"href":"https:\/\/www.seatragadm.it\/fr\/wp-json\/wp\/v2\/comments?post=469"}],"version-history":[{"count":2,"href":"https:\/\/www.seatragadm.it\/fr\/wp-json\/wp\/v2\/pages\/469\/revisions"}],"predecessor-version":[{"id":495,"href":"https:\/\/www.seatragadm.it\/fr\/wp-json\/wp\/v2\/pages\/469\/revisions\/495"}],"wp:attachment":[{"href":"https:\/\/www.seatragadm.it\/fr\/wp-json\/wp\/v2\/media?parent=469"}],"curies":[{"name":"wp","href":"https:\/\/api.w.org\/{rel}","templated":true}]}}