{"id":4520,"date":"2013-03-08T19:25:24","date_gmt":"2013-03-08T18:25:24","guid":{"rendered":"http:\/\/www.seatragadm.it\/note-legali\/"},"modified":"2013-03-08T19:25:24","modified_gmt":"2013-03-08T18:25:24","slug":"note-legali","status":"publish","type":"page","link":"https:\/\/www.seatragadm.it\/fr\/note-legali\/","title":{"rendered":"Note legali"},"content":{"rendered":"<p>L&#8217;URL <a href=\"https:\/\/www.seatragadm.it\/fr\/\">www.seatragadm.it<\/a> \u00e8 un dominio registrato e di propriet\u00e0 di <strong>SEATRAG AUTOSTRADE DEL MARE S.R.L.<\/strong><\/p>\n<p>Tutti i diritti inerenti il materiale (testuale e grafico) presente nei domini sono riservati ed esclusivi.<\/p>\n<p>Il sito web, la grafica, i testi sono soggetti a \u00a9 Copyright da parte dei proprietari dei marchi (tutti i diritti riservati).<\/p>\n<p>E&#8217; vietata la riproduzione del marchio, delle affermazioni soggette a copyright, delle immagini e di qualsiasi altra forma di comunicazione, a meno di insindacabile autorizzazione di <strong>SEATRAG AUTOSTRADE DEL MARE S.R.L.<\/strong> ed in seguito ad esplicita trattativa.<\/p>\n<p>\u00c8 assolutamente vietata la riproduzione con qualsiasi mezzo meccanico, analogico o digitale del materiale compreso nel succitato dominio senza consenso di <strong>SEATRAG AUTOSTRADE DEL MARE S.R.L.<\/strong><\/p>\n<p>Sono consentite le citazioni dei testi contenuti nei domini ad esclusivo titolo di cronaca o studio, purch\u00e9 accompagnate, sempre e comunque, dalla citazione del nome di <strong>SEATRAG AUTOSTRADE DEL MARE<\/strong> (quale proprietaria del materiale contenuto nel sito) nonch\u00e9 dall&#8217;indicazione della fonte comprensiva dell&#8217;indirizzo telematico.<\/p>\n<p>Qualsiasi utilizzo di porzioni del materiale contenuto nei siti \u00e8 concessa per uso strettamente personale.<\/p>\n<p>\u00c8 vietata la variazione, contraffazione o utilizzazione non autorizzata, in tutto od in parte, del materiale contenuto nei siti. \u00c8 vietato, altres\u00ec, il download dei testi e delle immagini contenuti nel sito senza espressa autorizzazione di <strong>SEATRAG AUTOSTRADE DEL MARE<\/strong>.<\/p>\n<p>L&#8217;uso o l&#8217;esplorazione del dominio sono a rischio di chi vi accede; tutte le informazioni contenute nel sito sono prive di garanzia; chi utilizza le informazioni ed i materiali contenuti nel dominio opera, pertanto, a proprio rischio e pericolo. Non viene fornita alcuna garanzia nel caso di incursioni esterne ed indipendenti dalla volont\u00e0 dei proprietari dei domini che modifichino il contenuto dei domini stessi. Il materiale contenuto nei siti potrebbe contenere delle inesattezze o non essere aggiornato; sar\u00e0, pertanto, necessaria una verifica diretta mediante consultazione degli addetti agli uffici di <strong>SEATRAG AUTOSTRADE DEL MARE<\/strong>.<\/p>\n<p>In nessun modo <strong>SEATRAG AUTOSTRADE DEL MARE<\/strong> sar\u00e0 responsabile dei danni arrecati a causa dell&#8217;erronea, perniciosa o non autorizzata utilizzazione del materiale contenuto nei domini. In nessun modo, altres\u00ec, potr\u00e0 ritenersi responsabile della trasmissione di virus che possano infettare.<\/p>\n<p>Quando accedete a un sito Web esterno da\u00a0<a href=\"https:\/\/www.seatragadm.it\/fr\/\">www.seatragadm.it<\/a> ricordate che esso \u00e8 indipendente da <strong>SEATRAG AUTOSTRADE DEL MARE<\/strong> e che quest&#8217;ultima non ha alcun controllo sul contenuto del sito in questione. Inoltre, l&#8217;esistenza di un collegamento ipertestuale (link) verso un sito esterno non comporta l&#8217;approvazione o un&#8217;accettazione di responsabilit\u00e0 circa il contenuto o l&#8217;utilizzazione di detto sito. \u00c8 vostra responsabilit\u00e0 prendere ogni necessaria precauzione per assicurarvi che qualsiasi cosa decidiate di prelevare e utilizzare sia privo di elementi di carattere distruttivo quali ad esempio virus.<\/p>\n<p>SALVO LE DIVERSE INDICAZIONI DI LEGGE, SEATRAG AUTOSTRADE DEL MARE S.R.L. NON POTR\u00c0 IN NESSUN CASO ESSERE RITENUTA RESPONSABILE PER QUALSIASI DANNO PARZIALE O TOTALE, DIRETTO O INDIRETTO LEGATO ALL&#8217;USO DEL PRESENTE SITO WEB O DI ALTRI SITI WEB A ESSO COLLEGATI DA UN LINK IPERTESTO, IVI COMPRESI, SENZA ALCUNA LIMITAZIONE, I DANNI QUALI LA PERDITA DI PROFITTI O FATTURATO, L&#8217;INTERRUZIONE DI ATTIVIT\u00c0 AZIENDALE O PROFESSIONALE, LA PERDITA DI PROGRAMMI O ALTRO TIPO DI DATI UBICATI SUL VOSTRO SISTEMA INFORMATICO O ALTRO SISTEMA, ANCHE SE SEATRAG AUTOSTRADE DEL MARE FOSSE STATA MESSA ESPRESSAMENTE AL CORRENTE DELLA POSSIBILIT\u00c0 DI TALI DANNI.<\/p>\n<p>Qualsiasi forma di link al presente Sito se inserita da soggetti terzi non deve recare danno all&#8217;immagine e alle attivit\u00e0 di <strong>SEATRAG AUTOSTRADE DEL MARE<\/strong>.<\/p>\n<p>E&#8217; vietato il cd. deep linking ossia l&#8217;utilizzo, su siti di soggetti terzi, di parti del Sito o, comunque, il collegamento diretto alle pagine senza passare per la home page del Sito. L&#8217; eventuale inosservanza delle presenti disposizioni, salvo esplicita autorizzazione scritta, sar\u00e0 perseguita nelle competenti sedi giudiziarie civili e penali.<\/p>\n<p>Qualsiasi materiale inviato a <strong>SEATRAG AUTOSTRADE DEL MARE<\/strong> sar\u00e0 ritenuto di natura non confidenziale.<\/p>\n<p><strong>SEATRAG AUTOSTRADE DEL MARE<\/strong> non avr\u00e0 obblighi di alcun tipo rispetto a tale materiale e sar\u00e0 libera di riprodurlo, usarlo, rivelarlo, mostrarlo, trasformarlo, farne opere derivate e distribuirlo a terzi, senza limiti e senza che per questo possa mai esser considerata responsabile per la violazione della normativa vigente, ad esempio in materia di diritto d&#8217;autore, o comunque di tutela della propriet\u00e0 intellettuale, o in materia di trattamento dei dati personali.<\/p>\n<p>Nessun dato personale degli utenti viene in proposito acquisito dal sito. Non viene fatto uso di cookies per la trasmissione di informazioni di carattere personale, n\u00e9 vengono utilizzati c.d. cookies persistenti di alcun tipo, ovvero sistemi per il tracciamento degli utenti. L&#8217;uso di c.d. cookies di sessione (che non vengono memorizzati in modo persistente sul computer dell&#8217;utente e svaniscono con la chiusura del browser) \u00e8 strettamente limitato alla trasmissione di identificativi di sessione (costituiti da numeri casuali generati dal server) necessari per consentire l&#8217;esplorazione sicura ed efficiente del sito.<\/p>\n<p>Un &#8220;cookie&#8221; (cio\u00e8 un piccolo data file che alcuni siti Web, mentre vengono visitati, possono inviare all&#8217;indirizzo del visitatore) al fine di tracciare i percorsi del visitatore nel Sito. Se si preferisce non ricevere cookies, si pu\u00f2 impostare il proprio browser in modo tale che vi avverta della presenza di un cookie e quindi decidere se accettarlo o meno. Si pu\u00f2 anche rifiutare automaticamente tutti i cookies, attivando l&#8217;apposita opzione nel browser.<\/p>\n","protected":false},"excerpt":{"rendered":"<p>L&#8217;URL www.seatragadm.it \u00e8 un dominio registrato e di propriet\u00e0 di SEATRAG AUTOSTRADE DEL MARE S.R.L. Tutti i diritti inerenti il materiale (testuale e grafico) presente nei domini sono riservati ed esclusivi. Il sito web, la grafica, i testi sono soggetti a \u00a9 Copyright da parte [&hellip;]<\/p>\n","protected":false},"author":30,"featured_media":0,"parent":0,"menu_order":0,"comment_status":"open","ping_status":"open","template":"","meta":{"footnotes":""},"acf":[],"yoast_head":"<!-- This site is optimized with the Yoast SEO plugin v21.8 - https:\/\/yoast.com\/wordpress\/plugins\/seo\/ -->\n<title>Note legali - Seatrag Autostrade del Mare S.r.l.<\/title>\n<meta name=\"robots\" content=\"index, follow, max-snippet:-1, max-image-preview:large, max-video-preview:-1\" \/>\n<link rel=\"canonical\" href=\"https:\/\/www.seatragadm.it\/note-legali\/\" \/>\n<meta property=\"og:locale\" content=\"fr_FR\" \/>\n<meta property=\"og:type\" content=\"article\" \/>\n<meta property=\"og:title\" content=\"Note legali - Seatrag Autostrade del Mare S.r.l.\" \/>\n<meta property=\"og:description\" content=\"L&#8217;URL www.seatragadm.it \u00e8 un dominio registrato e di propriet\u00e0 di SEATRAG AUTOSTRADE DEL MARE S.R.L. Tutti i diritti inerenti il materiale (testuale e grafico) presente nei domini sono riservati ed esclusivi. Il sito web, la grafica, i testi sono soggetti a \u00a9 Copyright da parte [&hellip;]\" \/>\n<meta property=\"og:url\" content=\"https:\/\/www.seatragadm.it\/note-legali\/\" \/>\n<meta property=\"og:site_name\" content=\"Seatrag Autostrade del Mare S.r.l.\" \/>\n<meta name=\"twitter:card\" content=\"summary_large_image\" \/>\n<meta name=\"twitter:label1\" content=\"Est. reading time\" \/>\n\t<meta name=\"twitter:data1\" content=\"4 minutes\" \/>\n<script type=\"application\/ld+json\" class=\"yoast-schema-graph\">{\"@context\":\"https:\/\/schema.org\",\"@graph\":[{\"@type\":\"WebPage\",\"@id\":\"https:\/\/www.seatragadm.it\/note-legali\/\",\"url\":\"https:\/\/www.seatragadm.it\/note-legali\/\",\"name\":\"Note legali - Seatrag Autostrade del Mare S.r.l.\",\"isPartOf\":{\"@id\":\"https:\/\/www.seatragadm.it\/#website\"},\"datePublished\":\"2013-03-08T18:25:24+00:00\",\"dateModified\":\"2013-03-08T18:25:24+00:00\",\"breadcrumb\":{\"@id\":\"https:\/\/www.seatragadm.it\/note-legali\/#breadcrumb\"},\"inLanguage\":\"fr-FR\",\"potentialAction\":[{\"@type\":\"ReadAction\",\"target\":[\"https:\/\/www.seatragadm.it\/note-legali\/\"]}]},{\"@type\":\"BreadcrumbList\",\"@id\":\"https:\/\/www.seatragadm.it\/note-legali\/#breadcrumb\",\"itemListElement\":[{\"@type\":\"ListItem\",\"position\":1,\"name\":\"Home\",\"item\":\"https:\/\/www.seatragadm.it\/\"},{\"@type\":\"ListItem\",\"position\":2,\"name\":\"Note legali\"}]},{\"@type\":\"WebSite\",\"@id\":\"https:\/\/www.seatragadm.it\/#website\",\"url\":\"https:\/\/www.seatragadm.it\/\",\"name\":\"Seatrag Autostrade del Mare S.r.l.\",\"description\":\"\",\"potentialAction\":[{\"@type\":\"SearchAction\",\"target\":{\"@type\":\"EntryPoint\",\"urlTemplate\":\"https:\/\/www.seatragadm.it\/?s={search_term_string}\"},\"query-input\":\"required name=search_term_string\"}],\"inLanguage\":\"fr-FR\"}]}<\/script>\n<!-- \/ Yoast SEO plugin. -->","yoast_head_json":{"title":"Note legali - Seatrag Autostrade del Mare S.r.l.","robots":{"index":"index","follow":"follow","max-snippet":"max-snippet:-1","max-image-preview":"max-image-preview:large","max-video-preview":"max-video-preview:-1"},"canonical":"https:\/\/www.seatragadm.it\/note-legali\/","og_locale":"fr_FR","og_type":"article","og_title":"Note legali - Seatrag Autostrade del Mare S.r.l.","og_description":"L&#8217;URL www.seatragadm.it \u00e8 un dominio registrato e di propriet\u00e0 di SEATRAG AUTOSTRADE DEL MARE S.R.L. Tutti i diritti inerenti il materiale (testuale e grafico) presente nei domini sono riservati ed esclusivi. Il sito web, la grafica, i testi sono soggetti a \u00a9 Copyright da parte [&hellip;]","og_url":"https:\/\/www.seatragadm.it\/note-legali\/","og_site_name":"Seatrag Autostrade del Mare S.r.l.","twitter_card":"summary_large_image","twitter_misc":{"Est. reading time":"4 minutes"},"schema":{"@context":"https:\/\/schema.org","@graph":[{"@type":"WebPage","@id":"https:\/\/www.seatragadm.it\/note-legali\/","url":"https:\/\/www.seatragadm.it\/note-legali\/","name":"Note legali - Seatrag Autostrade del Mare S.r.l.","isPartOf":{"@id":"https:\/\/www.seatragadm.it\/#website"},"datePublished":"2013-03-08T18:25:24+00:00","dateModified":"2013-03-08T18:25:24+00:00","breadcrumb":{"@id":"https:\/\/www.seatragadm.it\/note-legali\/#breadcrumb"},"inLanguage":"fr-FR","potentialAction":[{"@type":"ReadAction","target":["https:\/\/www.seatragadm.it\/note-legali\/"]}]},{"@type":"BreadcrumbList","@id":"https:\/\/www.seatragadm.it\/note-legali\/#breadcrumb","itemListElement":[{"@type":"ListItem","position":1,"name":"Home","item":"https:\/\/www.seatragadm.it\/"},{"@type":"ListItem","position":2,"name":"Note legali"}]},{"@type":"WebSite","@id":"https:\/\/www.seatragadm.it\/#website","url":"https:\/\/www.seatragadm.it\/","name":"Seatrag Autostrade del Mare S.r.l.","description":"","potentialAction":[{"@type":"SearchAction","target":{"@type":"EntryPoint","urlTemplate":"https:\/\/www.seatragadm.it\/?s={search_term_string}"},"query-input":"required name=search_term_string"}],"inLanguage":"fr-FR"}]}},"_links":{"self":[{"href":"https:\/\/www.seatragadm.it\/fr\/wp-json\/wp\/v2\/pages\/4520"}],"collection":[{"href":"https:\/\/www.seatragadm.it\/fr\/wp-json\/wp\/v2\/pages"}],"about":[{"href":"https:\/\/www.seatragadm.it\/fr\/wp-json\/wp\/v2\/types\/page"}],"author":[{"embeddable":true,"href":"https:\/\/www.seatragadm.it\/fr\/wp-json\/wp\/v2\/users\/30"}],"replies":[{"embeddable":true,"href":"https:\/\/www.seatragadm.it\/fr\/wp-json\/wp\/v2\/comments?post=4520"}],"version-history":[{"count":0,"href":"https:\/\/www.seatragadm.it\/fr\/wp-json\/wp\/v2\/pages\/4520\/revisions"}],"wp:attachment":[{"href":"https:\/\/www.seatragadm.it\/fr\/wp-json\/wp\/v2\/media?parent=4520"}],"curies":[{"name":"wp","href":"https:\/\/api.w.org\/{rel}","templated":true}]}}