{"id":335,"date":"2013-04-11T13:05:13","date_gmt":"2013-04-11T11:05:13","guid":{"rendered":"http:\/\/www.seatragadm.it\/profilo\/persone-e-mezzi\/"},"modified":"2013-05-08T18:38:24","modified_gmt":"2013-05-08T16:38:24","slug":"persone-e-mezzi","status":"publish","type":"page","link":"https:\/\/www.seatragadm.it\/fr\/profilo\/persone-e-mezzi\/","title":{"rendered":"Personnel et v\u00e9hicules"},"content":{"rendered":"<p>Au fin d\u2019assurer des services efficaces, rapides et s\u00fbrs le Terminal Seatrag Autostrade del Mare dispose d\u2019un personnelle hautement sp\u00e9cialis\u00e9, constamment form\u00e9 et capable de satisfaire toutes les exigences li\u00e9s aux activit\u00e9 portuaires.<\/p>\n<p>L\u2019entreprise s\u2019est concentr\u00e9e pour obtenir des standard qualitatifs tr\u00e8s hauts, toujours en agissant conform\u00e9ment aux r\u00e8glementations sur la s\u00e9curit\u00e9 au travail.<\/p>\n<p>Le terminal est \u00e9quip\u00e9 de 34 unit\u00e9s et le service 24h\/24 pendant tout l\u2019ann\u00e9e assure l\u2019ex\u00e9cution rapide et facile des proc\u00e9dures de d\u00e9barquement, embarquement et des installations de chantiers pour les navires Ro-Ro (chargement des produits sur les tracteurs maritimes, groupage etc..).<\/p>\n<p>Seatrag Autostrade del Mare a beaucoup investi dans la qualit\u00e9, la s\u00e9lection du personnel et dans ses moyens, en pouvant compter sur une \u00e9quipement qui se constitue par:<\/p>\n<ul>\n<li>10 TUG MASTER tous dou\u00e9s de 4 roues motrices avec blocage de diff\u00e9rentiel<\/li>\n<li>4 chariots \u00e9l\u00e9vateurs HYSTER 4 tonnes de charge dont 3 pour usage containeur (ch\u00e2teau bas) et 1dou\u00e9 de ch\u00e2teau sp\u00e9cial pour s\u2019allonger jusqu\u2019\u00e0 5m 30<\/li>\n<li>1 chariot LINDE H 80 barycentre 900 (chariot de 8 ton. )<\/li>\n<li>2 minibus de 9 places pour les transferts des v\u00e9hicules.<\/li>\n<li>1 vit de mulet pour l\u2019embarquement de tracteurs mafi<\/li>\n<li>1 rampe de chargement pour charger les marchandises sur les tracteurs mafi<\/li>\n<\/ul>\n","protected":false},"excerpt":{"rendered":"<p>Au fin d\u2019assurer des services efficaces, rapides et s\u00fbrs le Terminal Seatrag Autostrade del Mare dispose d\u2019un personnelle hautement sp\u00e9cialis\u00e9, constamment form\u00e9 et capable de satisfaire toutes les exigences li\u00e9s aux activit\u00e9 portuaires. L\u2019entreprise s\u2019est concentr\u00e9e pour obtenir des standard qualitatifs tr\u00e8s hauts, toujours en [&hellip;]<\/p>\n","protected":false},"author":30,"featured_media":82,"parent":319,"menu_order":0,"comment_status":"open","ping_status":"open","template":"","meta":{"footnotes":""},"acf":[],"yoast_head":"<!-- This site is optimized with the Yoast SEO plugin v21.8 - https:\/\/yoast.com\/wordpress\/plugins\/seo\/ -->\n<title>Personnel et v\u00e9hicules - Seatrag Autostrade del Mare S.r.l.<\/title>\n<meta name=\"robots\" content=\"index, follow, max-snippet:-1, max-image-preview:large, max-video-preview:-1\" \/>\n<link rel=\"canonical\" href=\"https:\/\/www.seatragadm.it\/profilo\/persone-e-mezzi\/\" \/>\n<meta property=\"og:locale\" content=\"fr_FR\" \/>\n<meta property=\"og:type\" content=\"article\" \/>\n<meta property=\"og:title\" content=\"Personnel et v\u00e9hicules - Seatrag Autostrade del Mare S.r.l.\" \/>\n<meta property=\"og:description\" content=\"Au fin d\u2019assurer des services efficaces, rapides et s\u00fbrs le Terminal Seatrag Autostrade del Mare dispose d\u2019un personnelle hautement sp\u00e9cialis\u00e9, constamment form\u00e9 et capable de satisfaire toutes les exigences li\u00e9s aux activit\u00e9 portuaires. L\u2019entreprise s\u2019est concentr\u00e9e pour obtenir des standard qualitatifs tr\u00e8s hauts, toujours en [&hellip;]\" \/>\n<meta property=\"og:url\" content=\"https:\/\/www.seatragadm.it\/profilo\/persone-e-mezzi\/\" \/>\n<meta property=\"og:site_name\" content=\"Seatrag Autostrade del Mare S.r.l.\" \/>\n<meta property=\"article:modified_time\" content=\"2013-05-08T16:38:24+00:00\" \/>\n<meta property=\"og:image\" content=\"https:\/\/www.seatragadm.it\/wp-content\/uploads\/2013\/03\/9-1024x681.jpg\" \/>\n\t<meta property=\"og:image:width\" content=\"1024\" \/>\n\t<meta property=\"og:image:height\" content=\"681\" \/>\n\t<meta property=\"og:image:type\" content=\"image\/jpeg\" \/>\n<meta name=\"twitter:card\" content=\"summary_large_image\" \/>\n<meta name=\"twitter:label1\" content=\"Est. reading time\" \/>\n\t<meta name=\"twitter:data1\" content=\"1 minute\" \/>\n<script type=\"application\/ld+json\" class=\"yoast-schema-graph\">{\"@context\":\"https:\/\/schema.org\",\"@graph\":[{\"@type\":\"WebPage\",\"@id\":\"https:\/\/www.seatragadm.it\/profilo\/persone-e-mezzi\/\",\"url\":\"https:\/\/www.seatragadm.it\/profilo\/persone-e-mezzi\/\",\"name\":\"Personnel et v\u00e9hicules - Seatrag Autostrade del Mare S.r.l.\",\"isPartOf\":{\"@id\":\"https:\/\/www.seatragadm.it\/#website\"},\"datePublished\":\"2013-04-11T11:05:13+00:00\",\"dateModified\":\"2013-05-08T16:38:24+00:00\",\"breadcrumb\":{\"@id\":\"https:\/\/www.seatragadm.it\/profilo\/persone-e-mezzi\/#breadcrumb\"},\"inLanguage\":\"fr-FR\",\"potentialAction\":[{\"@type\":\"ReadAction\",\"target\":[\"https:\/\/www.seatragadm.it\/profilo\/persone-e-mezzi\/\"]}]},{\"@type\":\"BreadcrumbList\",\"@id\":\"https:\/\/www.seatragadm.it\/profilo\/persone-e-mezzi\/#breadcrumb\",\"itemListElement\":[{\"@type\":\"ListItem\",\"position\":1,\"name\":\"Home\",\"item\":\"https:\/\/www.seatragadm.it\/\"},{\"@type\":\"ListItem\",\"position\":2,\"name\":\"Profil de l\u2019entreprise\",\"item\":\"https:\/\/www.seatragadm.it\/profilo\/\"},{\"@type\":\"ListItem\",\"position\":3,\"name\":\"Personnel et v\u00e9hicules\"}]},{\"@type\":\"WebSite\",\"@id\":\"https:\/\/www.seatragadm.it\/#website\",\"url\":\"https:\/\/www.seatragadm.it\/\",\"name\":\"Seatrag Autostrade del Mare S.r.l.\",\"description\":\"\",\"potentialAction\":[{\"@type\":\"SearchAction\",\"target\":{\"@type\":\"EntryPoint\",\"urlTemplate\":\"https:\/\/www.seatragadm.it\/?s={search_term_string}\"},\"query-input\":\"required name=search_term_string\"}],\"inLanguage\":\"fr-FR\"}]}<\/script>\n<!-- \/ Yoast SEO plugin. -->","yoast_head_json":{"title":"Personnel et v\u00e9hicules - Seatrag Autostrade del Mare S.r.l.","robots":{"index":"index","follow":"follow","max-snippet":"max-snippet:-1","max-image-preview":"max-image-preview:large","max-video-preview":"max-video-preview:-1"},"canonical":"https:\/\/www.seatragadm.it\/profilo\/persone-e-mezzi\/","og_locale":"fr_FR","og_type":"article","og_title":"Personnel et v\u00e9hicules - Seatrag Autostrade del Mare S.r.l.","og_description":"Au fin d\u2019assurer des services efficaces, rapides et s\u00fbrs le Terminal Seatrag Autostrade del Mare dispose d\u2019un personnelle hautement sp\u00e9cialis\u00e9, constamment form\u00e9 et capable de satisfaire toutes les exigences li\u00e9s aux activit\u00e9 portuaires. L\u2019entreprise s\u2019est concentr\u00e9e pour obtenir des standard qualitatifs tr\u00e8s hauts, toujours en [&hellip;]","og_url":"https:\/\/www.seatragadm.it\/profilo\/persone-e-mezzi\/","og_site_name":"Seatrag Autostrade del Mare S.r.l.","article_modified_time":"2013-05-08T16:38:24+00:00","og_image":[{"width":1024,"height":681,"url":"https:\/\/www.seatragadm.it\/wp-content\/uploads\/2013\/03\/9-1024x681.jpg","type":"image\/jpeg"}],"twitter_card":"summary_large_image","twitter_misc":{"Est. reading time":"1 minute"},"schema":{"@context":"https:\/\/schema.org","@graph":[{"@type":"WebPage","@id":"https:\/\/www.seatragadm.it\/profilo\/persone-e-mezzi\/","url":"https:\/\/www.seatragadm.it\/profilo\/persone-e-mezzi\/","name":"Personnel et v\u00e9hicules - Seatrag Autostrade del Mare S.r.l.","isPartOf":{"@id":"https:\/\/www.seatragadm.it\/#website"},"datePublished":"2013-04-11T11:05:13+00:00","dateModified":"2013-05-08T16:38:24+00:00","breadcrumb":{"@id":"https:\/\/www.seatragadm.it\/profilo\/persone-e-mezzi\/#breadcrumb"},"inLanguage":"fr-FR","potentialAction":[{"@type":"ReadAction","target":["https:\/\/www.seatragadm.it\/profilo\/persone-e-mezzi\/"]}]},{"@type":"BreadcrumbList","@id":"https:\/\/www.seatragadm.it\/profilo\/persone-e-mezzi\/#breadcrumb","itemListElement":[{"@type":"ListItem","position":1,"name":"Home","item":"https:\/\/www.seatragadm.it\/"},{"@type":"ListItem","position":2,"name":"Profil de l\u2019entreprise","item":"https:\/\/www.seatragadm.it\/profilo\/"},{"@type":"ListItem","position":3,"name":"Personnel et v\u00e9hicules"}]},{"@type":"WebSite","@id":"https:\/\/www.seatragadm.it\/#website","url":"https:\/\/www.seatragadm.it\/","name":"Seatrag Autostrade del Mare S.r.l.","description":"","potentialAction":[{"@type":"SearchAction","target":{"@type":"EntryPoint","urlTemplate":"https:\/\/www.seatragadm.it\/?s={search_term_string}"},"query-input":"required name=search_term_string"}],"inLanguage":"fr-FR"}]}},"_links":{"self":[{"href":"https:\/\/www.seatragadm.it\/fr\/wp-json\/wp\/v2\/pages\/335"}],"collection":[{"href":"https:\/\/www.seatragadm.it\/fr\/wp-json\/wp\/v2\/pages"}],"about":[{"href":"https:\/\/www.seatragadm.it\/fr\/wp-json\/wp\/v2\/types\/page"}],"author":[{"embeddable":true,"href":"https:\/\/www.seatragadm.it\/fr\/wp-json\/wp\/v2\/users\/30"}],"replies":[{"embeddable":true,"href":"https:\/\/www.seatragadm.it\/fr\/wp-json\/wp\/v2\/comments?post=335"}],"version-history":[{"count":2,"href":"https:\/\/www.seatragadm.it\/fr\/wp-json\/wp\/v2\/pages\/335\/revisions"}],"predecessor-version":[{"id":420,"href":"https:\/\/www.seatragadm.it\/fr\/wp-json\/wp\/v2\/pages\/335\/revisions\/420"}],"up":[{"embeddable":true,"href":"https:\/\/www.seatragadm.it\/fr\/wp-json\/wp\/v2\/pages\/319"}],"wp:featuredmedia":[{"embeddable":true,"href":"https:\/\/www.seatragadm.it\/fr\/wp-json\/wp\/v2\/media\/82"}],"wp:attachment":[{"href":"https:\/\/www.seatragadm.it\/fr\/wp-json\/wp\/v2\/media?parent=335"}],"curies":[{"name":"wp","href":"https:\/\/api.w.org\/{rel}","templated":true}]}}