{"id":331,"date":"2013-04-11T12:46:52","date_gmt":"2013-04-11T10:46:52","guid":{"rendered":"http:\/\/www.seatragadm.it\/profilo\/obiettivi-aziendali\/"},"modified":"2013-05-08T18:36:58","modified_gmt":"2013-05-08T16:36:58","slug":"obiettivi-aziendali","status":"publish","type":"page","link":"https:\/\/www.seatragadm.it\/fr\/profilo\/obiettivi-aziendali\/","title":{"rendered":"Objectifs de l\u2019intreprise"},"content":{"rendered":"<p>Le terminal portuaire de Seatrag se situe comme une r\u00e9f\u00e9rence dans la cha\u00eene logistique capable de satisfaire ses clients. Cela stimule notre constante envie d\u2019am\u00e9lioration, en pratique:<\/p>\n<ul>\n<li>Am\u00e9lioration des services en utilisant des proc\u00e9dures standard strictes et pr\u00e9cises. Conformit\u00e9 avec l\u2019objectif \u201cdommage zero\u201d<\/li>\n<li>Valorisation des ressources humaines, qui sont la cl\u00e9 du d\u00e9veloppement e du succ\u00e8s de l\u2019entreprise, en donnant professionnalisme et comp\u00e9tence au service de messagerie<\/li>\n<li>Optimisation des proc\u00e8s, r\u00e9duction des co\u00fbts et augmentation du rendement<\/li>\n<li>Augmentation de la productivit\u00e9 en ce qui concerne la livraison d\u2019embarquement\/ d\u00e9barquement du navire<\/li>\n<li>Augmentation de la flexibilit\u00e9 au fin de fournir un service efficace et opportun aux armateurs, un facteurs fondamental pour le succ\u00e8s des Autoroutes de la Mer<\/li>\n<\/ul>\n","protected":false},"excerpt":{"rendered":"<p>Le terminal portuaire de Seatrag se situe comme une r\u00e9f\u00e9rence dans la cha\u00eene logistique capable de satisfaire ses clients. Cela stimule notre constante envie d\u2019am\u00e9lioration, en pratique: Am\u00e9lioration des services en utilisant des proc\u00e9dures standard strictes et pr\u00e9cises. Conformit\u00e9 avec l\u2019objectif \u201cdommage zero\u201d Valorisation des [&hellip;]<\/p>\n","protected":false},"author":30,"featured_media":188,"parent":319,"menu_order":0,"comment_status":"open","ping_status":"open","template":"","meta":{"footnotes":""},"acf":[],"yoast_head":"<!-- This site is optimized with the Yoast SEO plugin v21.8 - https:\/\/yoast.com\/wordpress\/plugins\/seo\/ -->\n<title>Objectifs de l\u2019intreprise - Seatrag Autostrade del Mare S.r.l.<\/title>\n<meta name=\"robots\" content=\"index, follow, max-snippet:-1, max-image-preview:large, max-video-preview:-1\" \/>\n<link rel=\"canonical\" href=\"https:\/\/www.seatragadm.it\/profilo\/obiettivi-aziendali\/\" \/>\n<meta property=\"og:locale\" content=\"fr_FR\" \/>\n<meta property=\"og:type\" content=\"article\" \/>\n<meta property=\"og:title\" content=\"Objectifs de l\u2019intreprise - Seatrag Autostrade del Mare S.r.l.\" \/>\n<meta property=\"og:description\" content=\"Le terminal portuaire de Seatrag se situe comme une r\u00e9f\u00e9rence dans la cha\u00eene logistique capable de satisfaire ses clients. Cela stimule notre constante envie d\u2019am\u00e9lioration, en pratique: Am\u00e9lioration des services en utilisant des proc\u00e9dures standard strictes et pr\u00e9cises. Conformit\u00e9 avec l\u2019objectif \u201cdommage zero\u201d Valorisation des [&hellip;]\" \/>\n<meta property=\"og:url\" content=\"https:\/\/www.seatragadm.it\/profilo\/obiettivi-aziendali\/\" \/>\n<meta property=\"og:site_name\" content=\"Seatrag Autostrade del Mare S.r.l.\" \/>\n<meta property=\"article:modified_time\" content=\"2013-05-08T16:36:58+00:00\" \/>\n<meta property=\"og:image\" content=\"https:\/\/www.seatragadm.it\/wp-content\/uploads\/2013\/03\/contatti2.jpg\" \/>\n\t<meta property=\"og:image:width\" content=\"1100\" \/>\n\t<meta property=\"og:image:height\" content=\"420\" \/>\n\t<meta property=\"og:image:type\" content=\"image\/jpeg\" \/>\n<meta name=\"twitter:card\" content=\"summary_large_image\" \/>\n<meta name=\"twitter:label1\" content=\"Est. reading time\" \/>\n\t<meta name=\"twitter:data1\" content=\"1 minute\" \/>\n<script type=\"application\/ld+json\" class=\"yoast-schema-graph\">{\"@context\":\"https:\/\/schema.org\",\"@graph\":[{\"@type\":\"WebPage\",\"@id\":\"https:\/\/www.seatragadm.it\/profilo\/obiettivi-aziendali\/\",\"url\":\"https:\/\/www.seatragadm.it\/profilo\/obiettivi-aziendali\/\",\"name\":\"Objectifs de l\u2019intreprise - Seatrag Autostrade del Mare S.r.l.\",\"isPartOf\":{\"@id\":\"https:\/\/www.seatragadm.it\/#website\"},\"datePublished\":\"2013-04-11T10:46:52+00:00\",\"dateModified\":\"2013-05-08T16:36:58+00:00\",\"breadcrumb\":{\"@id\":\"https:\/\/www.seatragadm.it\/profilo\/obiettivi-aziendali\/#breadcrumb\"},\"inLanguage\":\"fr-FR\",\"potentialAction\":[{\"@type\":\"ReadAction\",\"target\":[\"https:\/\/www.seatragadm.it\/profilo\/obiettivi-aziendali\/\"]}]},{\"@type\":\"BreadcrumbList\",\"@id\":\"https:\/\/www.seatragadm.it\/profilo\/obiettivi-aziendali\/#breadcrumb\",\"itemListElement\":[{\"@type\":\"ListItem\",\"position\":1,\"name\":\"Home\",\"item\":\"https:\/\/www.seatragadm.it\/\"},{\"@type\":\"ListItem\",\"position\":2,\"name\":\"Profil de l\u2019entreprise\",\"item\":\"https:\/\/www.seatragadm.it\/profilo\/\"},{\"@type\":\"ListItem\",\"position\":3,\"name\":\"Objectifs de l\u2019intreprise\"}]},{\"@type\":\"WebSite\",\"@id\":\"https:\/\/www.seatragadm.it\/#website\",\"url\":\"https:\/\/www.seatragadm.it\/\",\"name\":\"Seatrag Autostrade del Mare S.r.l.\",\"description\":\"\",\"potentialAction\":[{\"@type\":\"SearchAction\",\"target\":{\"@type\":\"EntryPoint\",\"urlTemplate\":\"https:\/\/www.seatragadm.it\/?s={search_term_string}\"},\"query-input\":\"required name=search_term_string\"}],\"inLanguage\":\"fr-FR\"}]}<\/script>\n<!-- \/ Yoast SEO plugin. -->","yoast_head_json":{"title":"Objectifs de l\u2019intreprise - Seatrag Autostrade del Mare S.r.l.","robots":{"index":"index","follow":"follow","max-snippet":"max-snippet:-1","max-image-preview":"max-image-preview:large","max-video-preview":"max-video-preview:-1"},"canonical":"https:\/\/www.seatragadm.it\/profilo\/obiettivi-aziendali\/","og_locale":"fr_FR","og_type":"article","og_title":"Objectifs de l\u2019intreprise - Seatrag Autostrade del Mare S.r.l.","og_description":"Le terminal portuaire de Seatrag se situe comme une r\u00e9f\u00e9rence dans la cha\u00eene logistique capable de satisfaire ses clients. Cela stimule notre constante envie d\u2019am\u00e9lioration, en pratique: Am\u00e9lioration des services en utilisant des proc\u00e9dures standard strictes et pr\u00e9cises. Conformit\u00e9 avec l\u2019objectif \u201cdommage zero\u201d Valorisation des [&hellip;]","og_url":"https:\/\/www.seatragadm.it\/profilo\/obiettivi-aziendali\/","og_site_name":"Seatrag Autostrade del Mare S.r.l.","article_modified_time":"2013-05-08T16:36:58+00:00","og_image":[{"width":1100,"height":420,"url":"https:\/\/www.seatragadm.it\/wp-content\/uploads\/2013\/03\/contatti2.jpg","type":"image\/jpeg"}],"twitter_card":"summary_large_image","twitter_misc":{"Est. reading time":"1 minute"},"schema":{"@context":"https:\/\/schema.org","@graph":[{"@type":"WebPage","@id":"https:\/\/www.seatragadm.it\/profilo\/obiettivi-aziendali\/","url":"https:\/\/www.seatragadm.it\/profilo\/obiettivi-aziendali\/","name":"Objectifs de l\u2019intreprise - Seatrag Autostrade del Mare S.r.l.","isPartOf":{"@id":"https:\/\/www.seatragadm.it\/#website"},"datePublished":"2013-04-11T10:46:52+00:00","dateModified":"2013-05-08T16:36:58+00:00","breadcrumb":{"@id":"https:\/\/www.seatragadm.it\/profilo\/obiettivi-aziendali\/#breadcrumb"},"inLanguage":"fr-FR","potentialAction":[{"@type":"ReadAction","target":["https:\/\/www.seatragadm.it\/profilo\/obiettivi-aziendali\/"]}]},{"@type":"BreadcrumbList","@id":"https:\/\/www.seatragadm.it\/profilo\/obiettivi-aziendali\/#breadcrumb","itemListElement":[{"@type":"ListItem","position":1,"name":"Home","item":"https:\/\/www.seatragadm.it\/"},{"@type":"ListItem","position":2,"name":"Profil de l\u2019entreprise","item":"https:\/\/www.seatragadm.it\/profilo\/"},{"@type":"ListItem","position":3,"name":"Objectifs de l\u2019intreprise"}]},{"@type":"WebSite","@id":"https:\/\/www.seatragadm.it\/#website","url":"https:\/\/www.seatragadm.it\/","name":"Seatrag Autostrade del Mare S.r.l.","description":"","potentialAction":[{"@type":"SearchAction","target":{"@type":"EntryPoint","urlTemplate":"https:\/\/www.seatragadm.it\/?s={search_term_string}"},"query-input":"required name=search_term_string"}],"inLanguage":"fr-FR"}]}},"_links":{"self":[{"href":"https:\/\/www.seatragadm.it\/fr\/wp-json\/wp\/v2\/pages\/331"}],"collection":[{"href":"https:\/\/www.seatragadm.it\/fr\/wp-json\/wp\/v2\/pages"}],"about":[{"href":"https:\/\/www.seatragadm.it\/fr\/wp-json\/wp\/v2\/types\/page"}],"author":[{"embeddable":true,"href":"https:\/\/www.seatragadm.it\/fr\/wp-json\/wp\/v2\/users\/30"}],"replies":[{"embeddable":true,"href":"https:\/\/www.seatragadm.it\/fr\/wp-json\/wp\/v2\/comments?post=331"}],"version-history":[{"count":1,"href":"https:\/\/www.seatragadm.it\/fr\/wp-json\/wp\/v2\/pages\/331\/revisions"}],"predecessor-version":[{"id":419,"href":"https:\/\/www.seatragadm.it\/fr\/wp-json\/wp\/v2\/pages\/331\/revisions\/419"}],"up":[{"embeddable":true,"href":"https:\/\/www.seatragadm.it\/fr\/wp-json\/wp\/v2\/pages\/319"}],"wp:featuredmedia":[{"embeddable":true,"href":"https:\/\/www.seatragadm.it\/fr\/wp-json\/wp\/v2\/media\/188"}],"wp:attachment":[{"href":"https:\/\/www.seatragadm.it\/fr\/wp-json\/wp\/v2\/media?parent=331"}],"curies":[{"name":"wp","href":"https:\/\/api.w.org\/{rel}","templated":true}]}}