{"id":319,"date":"2013-03-08T08:18:29","date_gmt":"2013-03-08T08:18:29","guid":{"rendered":"http:\/\/www.seatragadm.it\/profilo-2\/"},"modified":"2013-05-08T17:18:05","modified_gmt":"2013-05-08T15:18:05","slug":"profilo","status":"publish","type":"page","link":"https:\/\/www.seatragadm.it\/fr\/profilo\/","title":{"rendered":"Profil de l\u2019entreprise"},"content":{"rendered":"<p>La Societ\u00e9 Seatrag Autostrade del Mare S.r.l. est un transporteur maritime du Port de Livourne autoris\u00e9 selon l\u2019article 16\/18 L.84\/94 et sp\u00e9cialis\u00e9 dans le service d\u2019embarquement\/d\u00e9barquement sur navires Ro-Ro \/ Ro-Ro Pax, qui consid\u00e8re les Autoroutes de la Mer sa propre activit\u00e9 de base.<\/p>\n<p>Dans ces derni\u00e8res ann\u00e9es les armateurs ont \u00e9largi leur services maritimes au fin de cr\u00e9er un syst\u00e8me logistique international compl\u00e8te fond\u00e9 sur le transport maritime et capable de satisfaire ses clients.<\/p>\n<p>Notre entreprise est consid\u00e9r\u00e9e une r\u00e9f\u00e9rence dans la cha\u00eene logistique, car elle offre un service flexible, efficace et de qualit\u00e9 aux armateurs, gr\u00e2ce \u00e0 un terminal portuaire sp\u00e9cialis\u00e9 en le trafic Ro-Ro\/Ro-Ro Pax.<\/p>\n<p><!--more--><\/p>\n<p>L\u2019entreprise croit qu\u2019au fin d\u2019assurer des tr\u00e8s hautes standard de qualit\u00e9 le facteur le plus important est la qualit\u00e9 de ses ressources humaines. C\u2019est pourquoi elle organise des courses de formation sp\u00e9cifiques pour sa structure.<\/p>\n<p>L\u2019entreprise est tr\u00e8s int\u00e9ress\u00e9e m\u00eame aux collaborations fondamentaux avec les compagnies maritimes Grimaldi Lines et Forship (Sardinia Ferries Corsica Ferries).<\/p>\n<p>Ces compagnies offrent un service excellent aux transporteurs maritimes gr\u00e2ce aux temps de liaisons rapides et a des cabines confortables pour les chauffeurs.<\/p>\n<p>Les services de ces compagnies exemplifient d\u2019une fa\u00e7on valide, efficace et solide la r\u00e9alisation du projet des Autoroutes de la Mer, que les Minist\u00e8res, les Autorit\u00e9s Portuaires et les Associations de Cat\u00e9gorie ont mis amplement en relief dans le but de diminuer l\u2019impact du trafic de camions sur les autoroutes italiennes.<\/p>\n<p>Seatrag Autostrade del Mare a cr\u00e9\u00e9 aussi dans son propre terminal une zone particuli\u00e8re fournie d\u2019une Porte pour l\u2019entr\u00e9e et la sortie de v\u00e9hicules et passagers non-communautaires. Ce zone est utilis\u00e9e deux fois par semaine comme Zone Extra Schengen.<\/p>\n","protected":false},"excerpt":{"rendered":"<p>La Societ\u00e9 Seatrag Autostrade del Mare S.r.l. est un transporteur maritime du Port de Livourne autoris\u00e9 selon l\u2019article 16\/18 L.84\/94 et sp\u00e9cialis\u00e9 dans le service d\u2019embarquement\/d\u00e9barquement sur navires Ro-Ro \/ Ro-Ro Pax, qui consid\u00e8re les Autoroutes de la Mer sa propre activit\u00e9 de base. Dans [&hellip;]<\/p>\n","protected":false},"author":30,"featured_media":80,"parent":0,"menu_order":10,"comment_status":"open","ping_status":"closed","template":"","meta":{"footnotes":""},"acf":[],"yoast_head":"<!-- This site is optimized with the Yoast SEO plugin v21.8 - https:\/\/yoast.com\/wordpress\/plugins\/seo\/ -->\n<title>Profil de l\u2019entreprise  - Seatrag Autostrade del Mare S.r.l.<\/title>\n<meta name=\"robots\" content=\"index, follow, max-snippet:-1, max-image-preview:large, max-video-preview:-1\" \/>\n<link rel=\"canonical\" href=\"https:\/\/www.seatragadm.it\/profilo\/\" \/>\n<meta property=\"og:locale\" content=\"fr_FR\" \/>\n<meta property=\"og:type\" content=\"article\" \/>\n<meta property=\"og:title\" content=\"Profil de l\u2019entreprise  - Seatrag Autostrade del Mare S.r.l.\" \/>\n<meta property=\"og:description\" content=\"La Societ\u00e9 Seatrag Autostrade del Mare S.r.l. est un transporteur maritime du Port de Livourne autoris\u00e9 selon l\u2019article 16\/18 L.84\/94 et sp\u00e9cialis\u00e9 dans le service d\u2019embarquement\/d\u00e9barquement sur navires Ro-Ro \/ Ro-Ro Pax, qui consid\u00e8re les Autoroutes de la Mer sa propre activit\u00e9 de base. Dans [&hellip;]\" \/>\n<meta property=\"og:url\" content=\"https:\/\/www.seatragadm.it\/profilo\/\" \/>\n<meta property=\"og:site_name\" content=\"Seatrag Autostrade del Mare S.r.l.\" \/>\n<meta property=\"article:modified_time\" content=\"2013-05-08T15:18:05+00:00\" \/>\n<meta property=\"og:image\" content=\"https:\/\/www.seatragadm.it\/wp-content\/uploads\/2013\/03\/7-1024x521.jpg\" \/>\n\t<meta property=\"og:image:width\" content=\"1024\" \/>\n\t<meta property=\"og:image:height\" content=\"521\" \/>\n\t<meta property=\"og:image:type\" content=\"image\/jpeg\" \/>\n<meta name=\"twitter:card\" content=\"summary_large_image\" \/>\n<meta name=\"twitter:label1\" content=\"Est. reading time\" \/>\n\t<meta name=\"twitter:data1\" content=\"2 minutes\" \/>\n<script type=\"application\/ld+json\" class=\"yoast-schema-graph\">{\"@context\":\"https:\/\/schema.org\",\"@graph\":[{\"@type\":\"WebPage\",\"@id\":\"https:\/\/www.seatragadm.it\/profilo\/\",\"url\":\"https:\/\/www.seatragadm.it\/profilo\/\",\"name\":\"Profil de l\u2019entreprise - Seatrag Autostrade del Mare S.r.l.\",\"isPartOf\":{\"@id\":\"https:\/\/www.seatragadm.it\/#website\"},\"datePublished\":\"2013-03-08T08:18:29+00:00\",\"dateModified\":\"2013-05-08T15:18:05+00:00\",\"breadcrumb\":{\"@id\":\"https:\/\/www.seatragadm.it\/profilo\/#breadcrumb\"},\"inLanguage\":\"fr-FR\",\"potentialAction\":[{\"@type\":\"ReadAction\",\"target\":[\"https:\/\/www.seatragadm.it\/profilo\/\"]}]},{\"@type\":\"BreadcrumbList\",\"@id\":\"https:\/\/www.seatragadm.it\/profilo\/#breadcrumb\",\"itemListElement\":[{\"@type\":\"ListItem\",\"position\":1,\"name\":\"Home\",\"item\":\"https:\/\/www.seatragadm.it\/\"},{\"@type\":\"ListItem\",\"position\":2,\"name\":\"Profil de l\u2019entreprise\"}]},{\"@type\":\"WebSite\",\"@id\":\"https:\/\/www.seatragadm.it\/#website\",\"url\":\"https:\/\/www.seatragadm.it\/\",\"name\":\"Seatrag Autostrade del Mare S.r.l.\",\"description\":\"\",\"potentialAction\":[{\"@type\":\"SearchAction\",\"target\":{\"@type\":\"EntryPoint\",\"urlTemplate\":\"https:\/\/www.seatragadm.it\/?s={search_term_string}\"},\"query-input\":\"required name=search_term_string\"}],\"inLanguage\":\"fr-FR\"}]}<\/script>\n<!-- \/ Yoast SEO plugin. -->","yoast_head_json":{"title":"Profil de l\u2019entreprise  - Seatrag Autostrade del Mare S.r.l.","robots":{"index":"index","follow":"follow","max-snippet":"max-snippet:-1","max-image-preview":"max-image-preview:large","max-video-preview":"max-video-preview:-1"},"canonical":"https:\/\/www.seatragadm.it\/profilo\/","og_locale":"fr_FR","og_type":"article","og_title":"Profil de l\u2019entreprise  - Seatrag Autostrade del Mare S.r.l.","og_description":"La Societ\u00e9 Seatrag Autostrade del Mare S.r.l. est un transporteur maritime du Port de Livourne autoris\u00e9 selon l\u2019article 16\/18 L.84\/94 et sp\u00e9cialis\u00e9 dans le service d\u2019embarquement\/d\u00e9barquement sur navires Ro-Ro \/ Ro-Ro Pax, qui consid\u00e8re les Autoroutes de la Mer sa propre activit\u00e9 de base. Dans [&hellip;]","og_url":"https:\/\/www.seatragadm.it\/profilo\/","og_site_name":"Seatrag Autostrade del Mare S.r.l.","article_modified_time":"2013-05-08T15:18:05+00:00","og_image":[{"width":1024,"height":521,"url":"https:\/\/www.seatragadm.it\/wp-content\/uploads\/2013\/03\/7-1024x521.jpg","type":"image\/jpeg"}],"twitter_card":"summary_large_image","twitter_misc":{"Est. reading time":"2 minutes"},"schema":{"@context":"https:\/\/schema.org","@graph":[{"@type":"WebPage","@id":"https:\/\/www.seatragadm.it\/profilo\/","url":"https:\/\/www.seatragadm.it\/profilo\/","name":"Profil de l\u2019entreprise - Seatrag Autostrade del Mare S.r.l.","isPartOf":{"@id":"https:\/\/www.seatragadm.it\/#website"},"datePublished":"2013-03-08T08:18:29+00:00","dateModified":"2013-05-08T15:18:05+00:00","breadcrumb":{"@id":"https:\/\/www.seatragadm.it\/profilo\/#breadcrumb"},"inLanguage":"fr-FR","potentialAction":[{"@type":"ReadAction","target":["https:\/\/www.seatragadm.it\/profilo\/"]}]},{"@type":"BreadcrumbList","@id":"https:\/\/www.seatragadm.it\/profilo\/#breadcrumb","itemListElement":[{"@type":"ListItem","position":1,"name":"Home","item":"https:\/\/www.seatragadm.it\/"},{"@type":"ListItem","position":2,"name":"Profil de l\u2019entreprise"}]},{"@type":"WebSite","@id":"https:\/\/www.seatragadm.it\/#website","url":"https:\/\/www.seatragadm.it\/","name":"Seatrag Autostrade del Mare S.r.l.","description":"","potentialAction":[{"@type":"SearchAction","target":{"@type":"EntryPoint","urlTemplate":"https:\/\/www.seatragadm.it\/?s={search_term_string}"},"query-input":"required name=search_term_string"}],"inLanguage":"fr-FR"}]}},"_links":{"self":[{"href":"https:\/\/www.seatragadm.it\/fr\/wp-json\/wp\/v2\/pages\/319"}],"collection":[{"href":"https:\/\/www.seatragadm.it\/fr\/wp-json\/wp\/v2\/pages"}],"about":[{"href":"https:\/\/www.seatragadm.it\/fr\/wp-json\/wp\/v2\/types\/page"}],"author":[{"embeddable":true,"href":"https:\/\/www.seatragadm.it\/fr\/wp-json\/wp\/v2\/users\/30"}],"replies":[{"embeddable":true,"href":"https:\/\/www.seatragadm.it\/fr\/wp-json\/wp\/v2\/comments?post=319"}],"version-history":[{"count":3,"href":"https:\/\/www.seatragadm.it\/fr\/wp-json\/wp\/v2\/pages\/319\/revisions"}],"predecessor-version":[{"id":418,"href":"https:\/\/www.seatragadm.it\/fr\/wp-json\/wp\/v2\/pages\/319\/revisions\/418"}],"wp:featuredmedia":[{"embeddable":true,"href":"https:\/\/www.seatragadm.it\/fr\/wp-json\/wp\/v2\/media\/80"}],"wp:attachment":[{"href":"https:\/\/www.seatragadm.it\/fr\/wp-json\/wp\/v2\/media?parent=319"}],"curies":[{"name":"wp","href":"https:\/\/api.w.org\/{rel}","templated":true}]}}