{"id":4440,"date":"2023-12-15T11:38:52","date_gmt":"2023-12-15T10:38:52","guid":{"rendered":"http:\/\/www.seatragadm.it\/segnalazione-di-condotte-illecite-whistleblowing\/"},"modified":"2024-01-15T13:06:01","modified_gmt":"2024-01-15T12:06:01","slug":"segnalazione-di-condotte-illecite-whistleblowing","status":"publish","type":"page","link":"https:\/\/www.seatragadm.it\/es\/segnalazione-di-condotte-illecite-whistleblowing\/","title":{"rendered":"Segnalazione di condotte illecite whistleblowing"},"content":{"rendered":"<p>La disciplina del c.d. \u201dwhistleblowing\u201d prevede una specifica tutela per il segnalante che voglia segnalare un illecito, in modo che questi possa agire senza il timore di subire conseguenze pregiudizievoli nei suoi confronti.<\/p>\n<p>Ai sensi del D.lgs. 24\/2023 rientrano nella definizione di segnalanti:<\/p>\n<ul>\n<li>\u00a0gli azionisti e persone con funzioni di amministrazione, direzione, controllo, vigilanza o rappresentanza, anche qualora tali funzioni siano esercitate in via di mero fatto;<\/li>\n<li>\u00a0i lavoratori subordinati (dipendenti), compresi i lavoratori somministrati;<\/li>\n<li>\u00a0i lavoratori autonomi, nonch\u00e9 titolari di un rapporto di collaborazione;<\/li>\n<li>\u00a0i lavoratori o collaboratori che svolgono la propria attivit\u00e0 lavorativa presso soggetti che forniscono beni o servizi o che realizzano opere in favore di terzi;<\/li>\n<li>\u00a0i liberi professionisti e consulenti;<\/li>\n<li>\u00a0i volontari e tirocinanti, retribuiti e non retribuiti.<\/li>\n<\/ul>\n<p>La gestione dei canali interni di segnalazione \u00e8 affidata all\u2019Organismo di Vigilanza ex D.lgs. 231\/2001.<\/p>\n<p>Colui che intenda segnalare internamente le condotte illecite di cui sia venuto a conoscenza in ragione del proprio rapporto di lavoro con la Societ\u00e0, pu\u00f2 farlo utilizzando i seguenti canali:<\/p>\n<p>1) <strong>Canale di segnalazione scritto<\/strong>, il quale garantisce, tramite il ricorso a strumenti di crittografia, la riservatezza dell&#8217;identit\u00e0 della persona segnalante, della persona coinvolta e della persona comunque menzionata nella segnalazione, nonch\u00e9 del contenuto della segnalazione e della relativa documentazione: applicativo software accessibile al seguente link <a href=\"https:\/\/seatragadm.segnalazioni.net\/\">https:\/\/seatragadm.segnalazioni.net<\/a><\/p>\n<p>Il sistema prevede due modalit\u00e0 di invio della segnalazione:<\/p>\n<ul>\n<li>\u00a0Utente Registrato: l\u2019utente crea un account e successivamente invia la segnalazione. Con i dati dell\u2019account \u00e8 possibile accedere alla segnalazione per verificarne lo stato di avanzamento ed inviare integrazioni. In questa modalit\u00e0 la segnalazione \u00e8 riservata e l&#8217;identit\u00e0 pu\u00f2 essere visualizzata (solo dal gestore delle segnalazioni).<\/li>\n<li>Utente non registrato: \u00e8 possibile creare una segnalazione (anche anonima) senza creare un account, alla quale \u00e8 possibile accedere per verificare lo stato di avanzamento ed inviare integrazioni tramite i codici rilasciati dal sistema.<\/li>\n<\/ul>\n<p>2) <strong>Canale di segnalazione orale<\/strong>: il segnalante pu\u00f2 richiedere un incontro diretto con l\u2019Organismo di Vigilanza al fine di effettuare la segnalazione. Tale incontro pu\u00f2 essere richiesto contattando l\u2019OdV tramite la piattaforma di cui al punto precedente, richiedendo a quest\u2019ultimo la programmazione di un incontro. L\u2019OdV \u00e8 tenuto a programmare, entro 15 giorni lavorativi dalla ricezione della richiesta, un incontro con il segnalante (in un luogo adatto a garantire la riservatezza del segnalante). Il contenuto della segnalazione verbale, previo consenso della persona segnalante, viene trascritto dall\u2019OdV in apposito verbale, firmato da quest\u2019ultimo e dal segnalante<\/p>\n<p>Per ulteriori dettagli \u00e8 disponibile il Regolamento per le segnalazioni di illeciti e irregolarit\u00e0.<\/p>\n","protected":false},"excerpt":{"rendered":"<p>La disciplina del c.d. \u201dwhistleblowing\u201d prevede una specifica tutela per il segnalante che voglia segnalare un illecito, in modo che questi possa agire senza il timore di subire conseguenze pregiudizievoli nei suoi confronti. Ai sensi del D.lgs. 24\/2023 rientrano nella definizione di segnalanti: \u00a0gli azionisti [&hellip;]<\/p>\n","protected":false},"author":30,"featured_media":0,"parent":0,"menu_order":0,"comment_status":"closed","ping_status":"closed","template":"","meta":{"footnotes":""},"acf":[],"yoast_head":"<!-- This site is optimized with the Yoast SEO plugin v21.8 - https:\/\/yoast.com\/wordpress\/plugins\/seo\/ -->\n<title>Segnalazione di condotte illecite whistleblowing - Seatrag Autostrade del Mare S.r.l.<\/title>\n<meta name=\"robots\" content=\"index, follow, max-snippet:-1, max-image-preview:large, max-video-preview:-1\" \/>\n<link rel=\"canonical\" href=\"https:\/\/www.seatragadm.it\/segnalazione-di-condotte-illecite-whistleblowing\/\" \/>\n<meta property=\"og:locale\" content=\"es_ES\" \/>\n<meta property=\"og:type\" content=\"article\" \/>\n<meta property=\"og:title\" content=\"Segnalazione di condotte illecite whistleblowing - Seatrag Autostrade del Mare S.r.l.\" \/>\n<meta property=\"og:description\" content=\"La disciplina del c.d. \u201dwhistleblowing\u201d prevede una specifica tutela per il segnalante che voglia segnalare un illecito, in modo che questi possa agire senza il timore di subire conseguenze pregiudizievoli nei suoi confronti. Ai sensi del D.lgs. 24\/2023 rientrano nella definizione di segnalanti: \u00a0gli azionisti [&hellip;]\" \/>\n<meta property=\"og:url\" content=\"https:\/\/www.seatragadm.it\/segnalazione-di-condotte-illecite-whistleblowing\/\" \/>\n<meta property=\"og:site_name\" content=\"Seatrag Autostrade del Mare S.r.l.\" \/>\n<meta property=\"article:modified_time\" content=\"2024-01-15T12:06:01+00:00\" \/>\n<meta name=\"twitter:card\" content=\"summary_large_image\" \/>\n<meta name=\"twitter:label1\" content=\"Est. reading time\" \/>\n\t<meta name=\"twitter:data1\" content=\"2 minutes\" \/>\n<script type=\"application\/ld+json\" class=\"yoast-schema-graph\">{\"@context\":\"https:\/\/schema.org\",\"@graph\":[{\"@type\":\"WebPage\",\"@id\":\"https:\/\/www.seatragadm.it\/segnalazione-di-condotte-illecite-whistleblowing\/\",\"url\":\"https:\/\/www.seatragadm.it\/segnalazione-di-condotte-illecite-whistleblowing\/\",\"name\":\"Segnalazione di condotte illecite whistleblowing - Seatrag Autostrade del Mare S.r.l.\",\"isPartOf\":{\"@id\":\"https:\/\/www.seatragadm.it\/#website\"},\"datePublished\":\"2023-12-15T10:38:52+00:00\",\"dateModified\":\"2024-01-15T12:06:01+00:00\",\"breadcrumb\":{\"@id\":\"https:\/\/www.seatragadm.it\/segnalazione-di-condotte-illecite-whistleblowing\/#breadcrumb\"},\"inLanguage\":\"es-ES\",\"potentialAction\":[{\"@type\":\"ReadAction\",\"target\":[\"https:\/\/www.seatragadm.it\/segnalazione-di-condotte-illecite-whistleblowing\/\"]}]},{\"@type\":\"BreadcrumbList\",\"@id\":\"https:\/\/www.seatragadm.it\/segnalazione-di-condotte-illecite-whistleblowing\/#breadcrumb\",\"itemListElement\":[{\"@type\":\"ListItem\",\"position\":1,\"name\":\"Home\",\"item\":\"https:\/\/www.seatragadm.it\/\"},{\"@type\":\"ListItem\",\"position\":2,\"name\":\"Segnalazione di condotte illecite whistleblowing\"}]},{\"@type\":\"WebSite\",\"@id\":\"https:\/\/www.seatragadm.it\/#website\",\"url\":\"https:\/\/www.seatragadm.it\/\",\"name\":\"Seatrag Autostrade del Mare S.r.l.\",\"description\":\"\",\"potentialAction\":[{\"@type\":\"SearchAction\",\"target\":{\"@type\":\"EntryPoint\",\"urlTemplate\":\"https:\/\/www.seatragadm.it\/?s={search_term_string}\"},\"query-input\":\"required name=search_term_string\"}],\"inLanguage\":\"es-ES\"}]}<\/script>\n<!-- \/ Yoast SEO plugin. -->","yoast_head_json":{"title":"Segnalazione di condotte illecite whistleblowing - Seatrag Autostrade del Mare S.r.l.","robots":{"index":"index","follow":"follow","max-snippet":"max-snippet:-1","max-image-preview":"max-image-preview:large","max-video-preview":"max-video-preview:-1"},"canonical":"https:\/\/www.seatragadm.it\/segnalazione-di-condotte-illecite-whistleblowing\/","og_locale":"es_ES","og_type":"article","og_title":"Segnalazione di condotte illecite whistleblowing - Seatrag Autostrade del Mare S.r.l.","og_description":"La disciplina del c.d. \u201dwhistleblowing\u201d prevede una specifica tutela per il segnalante che voglia segnalare un illecito, in modo che questi possa agire senza il timore di subire conseguenze pregiudizievoli nei suoi confronti. Ai sensi del D.lgs. 24\/2023 rientrano nella definizione di segnalanti: \u00a0gli azionisti [&hellip;]","og_url":"https:\/\/www.seatragadm.it\/segnalazione-di-condotte-illecite-whistleblowing\/","og_site_name":"Seatrag Autostrade del Mare S.r.l.","article_modified_time":"2024-01-15T12:06:01+00:00","twitter_card":"summary_large_image","twitter_misc":{"Est. reading time":"2 minutes"},"schema":{"@context":"https:\/\/schema.org","@graph":[{"@type":"WebPage","@id":"https:\/\/www.seatragadm.it\/segnalazione-di-condotte-illecite-whistleblowing\/","url":"https:\/\/www.seatragadm.it\/segnalazione-di-condotte-illecite-whistleblowing\/","name":"Segnalazione di condotte illecite whistleblowing - Seatrag Autostrade del Mare S.r.l.","isPartOf":{"@id":"https:\/\/www.seatragadm.it\/#website"},"datePublished":"2023-12-15T10:38:52+00:00","dateModified":"2024-01-15T12:06:01+00:00","breadcrumb":{"@id":"https:\/\/www.seatragadm.it\/segnalazione-di-condotte-illecite-whistleblowing\/#breadcrumb"},"inLanguage":"es-ES","potentialAction":[{"@type":"ReadAction","target":["https:\/\/www.seatragadm.it\/segnalazione-di-condotte-illecite-whistleblowing\/"]}]},{"@type":"BreadcrumbList","@id":"https:\/\/www.seatragadm.it\/segnalazione-di-condotte-illecite-whistleblowing\/#breadcrumb","itemListElement":[{"@type":"ListItem","position":1,"name":"Home","item":"https:\/\/www.seatragadm.it\/"},{"@type":"ListItem","position":2,"name":"Segnalazione di condotte illecite whistleblowing"}]},{"@type":"WebSite","@id":"https:\/\/www.seatragadm.it\/#website","url":"https:\/\/www.seatragadm.it\/","name":"Seatrag Autostrade del Mare S.r.l.","description":"","potentialAction":[{"@type":"SearchAction","target":{"@type":"EntryPoint","urlTemplate":"https:\/\/www.seatragadm.it\/?s={search_term_string}"},"query-input":"required name=search_term_string"}],"inLanguage":"es-ES"}]}},"_links":{"self":[{"href":"https:\/\/www.seatragadm.it\/es\/wp-json\/wp\/v2\/pages\/4440"}],"collection":[{"href":"https:\/\/www.seatragadm.it\/es\/wp-json\/wp\/v2\/pages"}],"about":[{"href":"https:\/\/www.seatragadm.it\/es\/wp-json\/wp\/v2\/types\/page"}],"author":[{"embeddable":true,"href":"https:\/\/www.seatragadm.it\/es\/wp-json\/wp\/v2\/users\/30"}],"replies":[{"embeddable":true,"href":"https:\/\/www.seatragadm.it\/es\/wp-json\/wp\/v2\/comments?post=4440"}],"version-history":[{"count":1,"href":"https:\/\/www.seatragadm.it\/es\/wp-json\/wp\/v2\/pages\/4440\/revisions"}],"predecessor-version":[{"id":4512,"href":"https:\/\/www.seatragadm.it\/es\/wp-json\/wp\/v2\/pages\/4440\/revisions\/4512"}],"wp:attachment":[{"href":"https:\/\/www.seatragadm.it\/es\/wp-json\/wp\/v2\/media?parent=4440"}],"curies":[{"name":"wp","href":"https:\/\/api.w.org\/{rel}","templated":true}]}}