{"id":336,"date":"2013-04-11T13:05:13","date_gmt":"2013-04-11T11:05:13","guid":{"rendered":"http:\/\/www.seatragadm.it\/profilo\/persone-e-mezzi\/"},"modified":"2013-05-08T18:04:32","modified_gmt":"2013-05-08T16:04:32","slug":"persone-e-mezzi","status":"publish","type":"page","link":"https:\/\/www.seatragadm.it\/es\/profilo\/persone-e-mezzi\/","title":{"rendered":"Personas y medios"},"content":{"rendered":"<p>Para garantizar servicios eficaces, r\u00e1pidos y seguros, Terminal Seatrag Autostrade del Mare dispone de un personal muy capacitado, constantemente entrenado, capaz de enfrentarse con todas las necesidades que est\u00e1n relacionadas con las actividades portuarias.<\/p>\n<p>Los esfuerzos de la empresa se concentran en el logro de est\u00e1ndares de calidad altos, siempre obrando seg\u00fan las normativas relativas a la Seguridad.<\/p>\n<p>La organizaci\u00f3n consta de 34 unidades y la flexibilidad del trabajo 24h consecutivas en todos los d\u00edas del a\u00f1o asegura la facil y r\u00e1pida ejecuci\u00f3n, con modo Ro-Ro, de las operaciones de desembarque \/ embarque, y de las operaciones en la plaza (disposici\u00f3n de la mercanc\u00eda en mafi, grupaje etc.)<\/p>\n<p>Adem\u00e1s de la calidad y de la selecci\u00f3n del personal, Seatrag Autostrade del Mare ha invertido y sigue invertiendo en los medios, y hoy en d\u00eda puede aducir un parque de medios que est\u00e1 formado de:<\/p>\n<ul>\n<li>10 TUG MASTER, todos con 4 ruedas motrices con bloqueo del diferencial<\/li>\n<li>4 carretillas elevadoras HYSTER, con una capacidad de carga de 4 toneladas. 3 de estas carretillas se utilizan para los contenedores (castillo bajo) y una con un castillo especial para alcanzar hasta 5,30 m.<\/li>\n<li>1 carretilla LINDE H80 baricentro 900 (carretilla de 8 toneladas)<\/li>\n<li>2 minibuses 9 asientos para los traslados<\/li>\n<li>1 gooseneck para el embarque mafi<\/li>\n<li>1 rampa para la carga en mafi<\/li>\n<\/ul>\n","protected":false},"excerpt":{"rendered":"<p>Para garantizar servicios eficaces, r\u00e1pidos y seguros, Terminal Seatrag Autostrade del Mare dispone de un personal muy capacitado, constantemente entrenado, capaz de enfrentarse con todas las necesidades que est\u00e1n relacionadas con las actividades portuarias. Los esfuerzos de la empresa se concentran en el logro de [&hellip;]<\/p>\n","protected":false},"author":30,"featured_media":82,"parent":320,"menu_order":0,"comment_status":"open","ping_status":"open","template":"","meta":{"footnotes":""},"acf":[],"yoast_head":"<!-- This site is optimized with the Yoast SEO plugin v21.8 - https:\/\/yoast.com\/wordpress\/plugins\/seo\/ -->\n<title>Personas y medios - Seatrag Autostrade del Mare S.r.l.<\/title>\n<meta name=\"robots\" content=\"index, follow, max-snippet:-1, max-image-preview:large, max-video-preview:-1\" \/>\n<link rel=\"canonical\" href=\"https:\/\/www.seatragadm.it\/profilo\/persone-e-mezzi\/\" \/>\n<meta property=\"og:locale\" content=\"es_ES\" \/>\n<meta property=\"og:type\" content=\"article\" \/>\n<meta property=\"og:title\" content=\"Personas y medios - Seatrag Autostrade del Mare S.r.l.\" \/>\n<meta property=\"og:description\" content=\"Para garantizar servicios eficaces, r\u00e1pidos y seguros, Terminal Seatrag Autostrade del Mare dispone de un personal muy capacitado, constantemente entrenado, capaz de enfrentarse con todas las necesidades que est\u00e1n relacionadas con las actividades portuarias. Los esfuerzos de la empresa se concentran en el logro de [&hellip;]\" \/>\n<meta property=\"og:url\" content=\"https:\/\/www.seatragadm.it\/profilo\/persone-e-mezzi\/\" \/>\n<meta property=\"og:site_name\" content=\"Seatrag Autostrade del Mare S.r.l.\" \/>\n<meta property=\"article:modified_time\" content=\"2013-05-08T16:04:32+00:00\" \/>\n<meta property=\"og:image\" content=\"https:\/\/www.seatragadm.it\/wp-content\/uploads\/2013\/03\/9-1024x681.jpg\" \/>\n\t<meta property=\"og:image:width\" content=\"1024\" \/>\n\t<meta property=\"og:image:height\" content=\"681\" \/>\n\t<meta property=\"og:image:type\" content=\"image\/jpeg\" \/>\n<meta name=\"twitter:card\" content=\"summary_large_image\" \/>\n<meta name=\"twitter:label1\" content=\"Est. reading time\" \/>\n\t<meta name=\"twitter:data1\" content=\"1 minute\" \/>\n<script type=\"application\/ld+json\" class=\"yoast-schema-graph\">{\"@context\":\"https:\/\/schema.org\",\"@graph\":[{\"@type\":\"WebPage\",\"@id\":\"https:\/\/www.seatragadm.it\/profilo\/persone-e-mezzi\/\",\"url\":\"https:\/\/www.seatragadm.it\/profilo\/persone-e-mezzi\/\",\"name\":\"Personas y medios - Seatrag Autostrade del Mare S.r.l.\",\"isPartOf\":{\"@id\":\"https:\/\/www.seatragadm.it\/#website\"},\"datePublished\":\"2013-04-11T11:05:13+00:00\",\"dateModified\":\"2013-05-08T16:04:32+00:00\",\"breadcrumb\":{\"@id\":\"https:\/\/www.seatragadm.it\/profilo\/persone-e-mezzi\/#breadcrumb\"},\"inLanguage\":\"es-ES\",\"potentialAction\":[{\"@type\":\"ReadAction\",\"target\":[\"https:\/\/www.seatragadm.it\/profilo\/persone-e-mezzi\/\"]}]},{\"@type\":\"BreadcrumbList\",\"@id\":\"https:\/\/www.seatragadm.it\/profilo\/persone-e-mezzi\/#breadcrumb\",\"itemListElement\":[{\"@type\":\"ListItem\",\"position\":1,\"name\":\"Home\",\"item\":\"https:\/\/www.seatragadm.it\/\"},{\"@type\":\"ListItem\",\"position\":2,\"name\":\"Perfil\",\"item\":\"https:\/\/www.seatragadm.it\/profilo\/\"},{\"@type\":\"ListItem\",\"position\":3,\"name\":\"Personas y medios\"}]},{\"@type\":\"WebSite\",\"@id\":\"https:\/\/www.seatragadm.it\/#website\",\"url\":\"https:\/\/www.seatragadm.it\/\",\"name\":\"Seatrag Autostrade del Mare S.r.l.\",\"description\":\"\",\"potentialAction\":[{\"@type\":\"SearchAction\",\"target\":{\"@type\":\"EntryPoint\",\"urlTemplate\":\"https:\/\/www.seatragadm.it\/?s={search_term_string}\"},\"query-input\":\"required name=search_term_string\"}],\"inLanguage\":\"es-ES\"}]}<\/script>\n<!-- \/ Yoast SEO plugin. -->","yoast_head_json":{"title":"Personas y medios - Seatrag Autostrade del Mare S.r.l.","robots":{"index":"index","follow":"follow","max-snippet":"max-snippet:-1","max-image-preview":"max-image-preview:large","max-video-preview":"max-video-preview:-1"},"canonical":"https:\/\/www.seatragadm.it\/profilo\/persone-e-mezzi\/","og_locale":"es_ES","og_type":"article","og_title":"Personas y medios - Seatrag Autostrade del Mare S.r.l.","og_description":"Para garantizar servicios eficaces, r\u00e1pidos y seguros, Terminal Seatrag Autostrade del Mare dispone de un personal muy capacitado, constantemente entrenado, capaz de enfrentarse con todas las necesidades que est\u00e1n relacionadas con las actividades portuarias. Los esfuerzos de la empresa se concentran en el logro de [&hellip;]","og_url":"https:\/\/www.seatragadm.it\/profilo\/persone-e-mezzi\/","og_site_name":"Seatrag Autostrade del Mare S.r.l.","article_modified_time":"2013-05-08T16:04:32+00:00","og_image":[{"width":1024,"height":681,"url":"https:\/\/www.seatragadm.it\/wp-content\/uploads\/2013\/03\/9-1024x681.jpg","type":"image\/jpeg"}],"twitter_card":"summary_large_image","twitter_misc":{"Est. reading time":"1 minute"},"schema":{"@context":"https:\/\/schema.org","@graph":[{"@type":"WebPage","@id":"https:\/\/www.seatragadm.it\/profilo\/persone-e-mezzi\/","url":"https:\/\/www.seatragadm.it\/profilo\/persone-e-mezzi\/","name":"Personas y medios - Seatrag Autostrade del Mare S.r.l.","isPartOf":{"@id":"https:\/\/www.seatragadm.it\/#website"},"datePublished":"2013-04-11T11:05:13+00:00","dateModified":"2013-05-08T16:04:32+00:00","breadcrumb":{"@id":"https:\/\/www.seatragadm.it\/profilo\/persone-e-mezzi\/#breadcrumb"},"inLanguage":"es-ES","potentialAction":[{"@type":"ReadAction","target":["https:\/\/www.seatragadm.it\/profilo\/persone-e-mezzi\/"]}]},{"@type":"BreadcrumbList","@id":"https:\/\/www.seatragadm.it\/profilo\/persone-e-mezzi\/#breadcrumb","itemListElement":[{"@type":"ListItem","position":1,"name":"Home","item":"https:\/\/www.seatragadm.it\/"},{"@type":"ListItem","position":2,"name":"Perfil","item":"https:\/\/www.seatragadm.it\/profilo\/"},{"@type":"ListItem","position":3,"name":"Personas y medios"}]},{"@type":"WebSite","@id":"https:\/\/www.seatragadm.it\/#website","url":"https:\/\/www.seatragadm.it\/","name":"Seatrag Autostrade del Mare S.r.l.","description":"","potentialAction":[{"@type":"SearchAction","target":{"@type":"EntryPoint","urlTemplate":"https:\/\/www.seatragadm.it\/?s={search_term_string}"},"query-input":"required name=search_term_string"}],"inLanguage":"es-ES"}]}},"_links":{"self":[{"href":"https:\/\/www.seatragadm.it\/es\/wp-json\/wp\/v2\/pages\/336"}],"collection":[{"href":"https:\/\/www.seatragadm.it\/es\/wp-json\/wp\/v2\/pages"}],"about":[{"href":"https:\/\/www.seatragadm.it\/es\/wp-json\/wp\/v2\/types\/page"}],"author":[{"embeddable":true,"href":"https:\/\/www.seatragadm.it\/es\/wp-json\/wp\/v2\/users\/30"}],"replies":[{"embeddable":true,"href":"https:\/\/www.seatragadm.it\/es\/wp-json\/wp\/v2\/comments?post=336"}],"version-history":[{"count":3,"href":"https:\/\/www.seatragadm.it\/es\/wp-json\/wp\/v2\/pages\/336\/revisions"}],"predecessor-version":[{"id":390,"href":"https:\/\/www.seatragadm.it\/es\/wp-json\/wp\/v2\/pages\/336\/revisions\/390"}],"up":[{"embeddable":true,"href":"https:\/\/www.seatragadm.it\/es\/wp-json\/wp\/v2\/pages\/320"}],"wp:featuredmedia":[{"embeddable":true,"href":"https:\/\/www.seatragadm.it\/es\/wp-json\/wp\/v2\/media\/82"}],"wp:attachment":[{"href":"https:\/\/www.seatragadm.it\/es\/wp-json\/wp\/v2\/media?parent=336"}],"curies":[{"name":"wp","href":"https:\/\/api.w.org\/{rel}","templated":true}]}}