{"id":332,"date":"2013-04-11T12:46:52","date_gmt":"2013-04-11T10:46:52","guid":{"rendered":"http:\/\/www.seatragadm.it\/profilo\/obiettivi-aziendali\/"},"modified":"2013-05-08T18:02:27","modified_gmt":"2013-05-08T16:02:27","slug":"obiettivi-aziendali","status":"publish","type":"page","link":"https:\/\/www.seatragadm.it\/es\/profilo\/obiettivi-aziendali\/","title":{"rendered":"Objetivos empresariales"},"content":{"rendered":"<p>El terminal de Seatrang es un punto de referencia en la cadena log\u00edstica capaz de satisfacer su clientela. Eso representa un impulso para un ulterior perfeccionamiento que la Empresa tiene como constante objetivo, en particular:<\/p>\n<ul>\n<li>Mejoramiento de los servicios ofrecidos, utilizando r\u00edgidos y puntuales est\u00e1ndares en las proceduras y la conformidad al objetivo \u00abcero da\u00f1os\u00bb;<\/li>\n<li>Valorizaci\u00f3n de los recursos hum\u00e1nos, motor del desarrollo y clave del \u00e9xito para la empresa, a fin de dar competencia y profesionalidad al servicio del transporte mar\u00edtimo;<\/li>\n<li>Optimizaci\u00f3n de los procedimientos, reduciendo los gastos y recuperando eficacia;<\/li>\n<li>Incremento de la productividad, en t\u00e9rminos de rendimiento embarque-desembarque de los buques;<\/li>\n<li>Incremento de la flexibilidad, para ofrecer un servicio eficaz y r\u00e1pido a las compa\u00f1\u00edas de armadores, factor esencial para el \u00e9xito de las Autostrade del Mare.<\/li>\n<\/ul>\n","protected":false},"excerpt":{"rendered":"<p>El terminal de Seatrang es un punto de referencia en la cadena log\u00edstica capaz de satisfacer su clientela. Eso representa un impulso para un ulterior perfeccionamiento que la Empresa tiene como constante objetivo, en particular: Mejoramiento de los servicios ofrecidos, utilizando r\u00edgidos y puntuales est\u00e1ndares [&hellip;]<\/p>\n","protected":false},"author":30,"featured_media":188,"parent":320,"menu_order":0,"comment_status":"open","ping_status":"open","template":"","meta":{"footnotes":""},"acf":[],"yoast_head":"<!-- This site is optimized with the Yoast SEO plugin v21.8 - https:\/\/yoast.com\/wordpress\/plugins\/seo\/ -->\n<title>Objetivos empresariales - Seatrag Autostrade del Mare S.r.l.<\/title>\n<meta name=\"robots\" content=\"index, follow, max-snippet:-1, max-image-preview:large, max-video-preview:-1\" \/>\n<link rel=\"canonical\" href=\"https:\/\/www.seatragadm.it\/profilo\/obiettivi-aziendali\/\" \/>\n<meta property=\"og:locale\" content=\"es_ES\" \/>\n<meta property=\"og:type\" content=\"article\" \/>\n<meta property=\"og:title\" content=\"Objetivos empresariales - Seatrag Autostrade del Mare S.r.l.\" \/>\n<meta property=\"og:description\" content=\"El terminal de Seatrang es un punto de referencia en la cadena log\u00edstica capaz de satisfacer su clientela. Eso representa un impulso para un ulterior perfeccionamiento que la Empresa tiene como constante objetivo, en particular: Mejoramiento de los servicios ofrecidos, utilizando r\u00edgidos y puntuales est\u00e1ndares [&hellip;]\" \/>\n<meta property=\"og:url\" content=\"https:\/\/www.seatragadm.it\/profilo\/obiettivi-aziendali\/\" \/>\n<meta property=\"og:site_name\" content=\"Seatrag Autostrade del Mare S.r.l.\" \/>\n<meta property=\"article:modified_time\" content=\"2013-05-08T16:02:27+00:00\" \/>\n<meta property=\"og:image\" content=\"https:\/\/www.seatragadm.it\/wp-content\/uploads\/2013\/03\/contatti2.jpg\" \/>\n\t<meta property=\"og:image:width\" content=\"1100\" \/>\n\t<meta property=\"og:image:height\" content=\"420\" \/>\n\t<meta property=\"og:image:type\" content=\"image\/jpeg\" \/>\n<meta name=\"twitter:card\" content=\"summary_large_image\" \/>\n<meta name=\"twitter:label1\" content=\"Est. reading time\" \/>\n\t<meta name=\"twitter:data1\" content=\"1 minute\" \/>\n<script type=\"application\/ld+json\" class=\"yoast-schema-graph\">{\"@context\":\"https:\/\/schema.org\",\"@graph\":[{\"@type\":\"WebPage\",\"@id\":\"https:\/\/www.seatragadm.it\/profilo\/obiettivi-aziendali\/\",\"url\":\"https:\/\/www.seatragadm.it\/profilo\/obiettivi-aziendali\/\",\"name\":\"Objetivos empresariales - Seatrag Autostrade del Mare S.r.l.\",\"isPartOf\":{\"@id\":\"https:\/\/www.seatragadm.it\/#website\"},\"datePublished\":\"2013-04-11T10:46:52+00:00\",\"dateModified\":\"2013-05-08T16:02:27+00:00\",\"breadcrumb\":{\"@id\":\"https:\/\/www.seatragadm.it\/profilo\/obiettivi-aziendali\/#breadcrumb\"},\"inLanguage\":\"es-ES\",\"potentialAction\":[{\"@type\":\"ReadAction\",\"target\":[\"https:\/\/www.seatragadm.it\/profilo\/obiettivi-aziendali\/\"]}]},{\"@type\":\"BreadcrumbList\",\"@id\":\"https:\/\/www.seatragadm.it\/profilo\/obiettivi-aziendali\/#breadcrumb\",\"itemListElement\":[{\"@type\":\"ListItem\",\"position\":1,\"name\":\"Home\",\"item\":\"https:\/\/www.seatragadm.it\/\"},{\"@type\":\"ListItem\",\"position\":2,\"name\":\"Perfil\",\"item\":\"https:\/\/www.seatragadm.it\/profilo\/\"},{\"@type\":\"ListItem\",\"position\":3,\"name\":\"Objetivos empresariales\"}]},{\"@type\":\"WebSite\",\"@id\":\"https:\/\/www.seatragadm.it\/#website\",\"url\":\"https:\/\/www.seatragadm.it\/\",\"name\":\"Seatrag Autostrade del Mare S.r.l.\",\"description\":\"\",\"potentialAction\":[{\"@type\":\"SearchAction\",\"target\":{\"@type\":\"EntryPoint\",\"urlTemplate\":\"https:\/\/www.seatragadm.it\/?s={search_term_string}\"},\"query-input\":\"required name=search_term_string\"}],\"inLanguage\":\"es-ES\"}]}<\/script>\n<!-- \/ Yoast SEO plugin. -->","yoast_head_json":{"title":"Objetivos empresariales - Seatrag Autostrade del Mare S.r.l.","robots":{"index":"index","follow":"follow","max-snippet":"max-snippet:-1","max-image-preview":"max-image-preview:large","max-video-preview":"max-video-preview:-1"},"canonical":"https:\/\/www.seatragadm.it\/profilo\/obiettivi-aziendali\/","og_locale":"es_ES","og_type":"article","og_title":"Objetivos empresariales - Seatrag Autostrade del Mare S.r.l.","og_description":"El terminal de Seatrang es un punto de referencia en la cadena log\u00edstica capaz de satisfacer su clientela. Eso representa un impulso para un ulterior perfeccionamiento que la Empresa tiene como constante objetivo, en particular: Mejoramiento de los servicios ofrecidos, utilizando r\u00edgidos y puntuales est\u00e1ndares [&hellip;]","og_url":"https:\/\/www.seatragadm.it\/profilo\/obiettivi-aziendali\/","og_site_name":"Seatrag Autostrade del Mare S.r.l.","article_modified_time":"2013-05-08T16:02:27+00:00","og_image":[{"width":1100,"height":420,"url":"https:\/\/www.seatragadm.it\/wp-content\/uploads\/2013\/03\/contatti2.jpg","type":"image\/jpeg"}],"twitter_card":"summary_large_image","twitter_misc":{"Est. reading time":"1 minute"},"schema":{"@context":"https:\/\/schema.org","@graph":[{"@type":"WebPage","@id":"https:\/\/www.seatragadm.it\/profilo\/obiettivi-aziendali\/","url":"https:\/\/www.seatragadm.it\/profilo\/obiettivi-aziendali\/","name":"Objetivos empresariales - Seatrag Autostrade del Mare S.r.l.","isPartOf":{"@id":"https:\/\/www.seatragadm.it\/#website"},"datePublished":"2013-04-11T10:46:52+00:00","dateModified":"2013-05-08T16:02:27+00:00","breadcrumb":{"@id":"https:\/\/www.seatragadm.it\/profilo\/obiettivi-aziendali\/#breadcrumb"},"inLanguage":"es-ES","potentialAction":[{"@type":"ReadAction","target":["https:\/\/www.seatragadm.it\/profilo\/obiettivi-aziendali\/"]}]},{"@type":"BreadcrumbList","@id":"https:\/\/www.seatragadm.it\/profilo\/obiettivi-aziendali\/#breadcrumb","itemListElement":[{"@type":"ListItem","position":1,"name":"Home","item":"https:\/\/www.seatragadm.it\/"},{"@type":"ListItem","position":2,"name":"Perfil","item":"https:\/\/www.seatragadm.it\/profilo\/"},{"@type":"ListItem","position":3,"name":"Objetivos empresariales"}]},{"@type":"WebSite","@id":"https:\/\/www.seatragadm.it\/#website","url":"https:\/\/www.seatragadm.it\/","name":"Seatrag Autostrade del Mare S.r.l.","description":"","potentialAction":[{"@type":"SearchAction","target":{"@type":"EntryPoint","urlTemplate":"https:\/\/www.seatragadm.it\/?s={search_term_string}"},"query-input":"required name=search_term_string"}],"inLanguage":"es-ES"}]}},"_links":{"self":[{"href":"https:\/\/www.seatragadm.it\/es\/wp-json\/wp\/v2\/pages\/332"}],"collection":[{"href":"https:\/\/www.seatragadm.it\/es\/wp-json\/wp\/v2\/pages"}],"about":[{"href":"https:\/\/www.seatragadm.it\/es\/wp-json\/wp\/v2\/types\/page"}],"author":[{"embeddable":true,"href":"https:\/\/www.seatragadm.it\/es\/wp-json\/wp\/v2\/users\/30"}],"replies":[{"embeddable":true,"href":"https:\/\/www.seatragadm.it\/es\/wp-json\/wp\/v2\/comments?post=332"}],"version-history":[{"count":2,"href":"https:\/\/www.seatragadm.it\/es\/wp-json\/wp\/v2\/pages\/332\/revisions"}],"predecessor-version":[{"id":388,"href":"https:\/\/www.seatragadm.it\/es\/wp-json\/wp\/v2\/pages\/332\/revisions\/388"}],"up":[{"embeddable":true,"href":"https:\/\/www.seatragadm.it\/es\/wp-json\/wp\/v2\/pages\/320"}],"wp:featuredmedia":[{"embeddable":true,"href":"https:\/\/www.seatragadm.it\/es\/wp-json\/wp\/v2\/media\/188"}],"wp:attachment":[{"href":"https:\/\/www.seatragadm.it\/es\/wp-json\/wp\/v2\/media?parent=332"}],"curies":[{"name":"wp","href":"https:\/\/api.w.org\/{rel}","templated":true}]}}