{"id":320,"date":"2013-03-08T08:18:29","date_gmt":"2013-03-08T08:18:29","guid":{"rendered":"http:\/\/www.seatragadm.it\/profilo-2\/"},"modified":"2013-05-10T19:10:02","modified_gmt":"2013-05-10T17:10:02","slug":"profilo","status":"publish","type":"page","link":"https:\/\/www.seatragadm.it\/es\/profilo\/","title":{"rendered":"Perfil"},"content":{"rendered":"<p>La Sociedad Seatrag Autostrade del Mare S.r.l.es una terminal portuaria del Puerto de Livorno, autorizada ex art. 16\/18 L.84\/94; est\u00e1 especializada en el servicio de embarque\/desembarque en buques Ro-Ro \/ Ro-Ro Pax y ha localizado su propio negocio principal en las Autostrade del Mare (Autopistas del Mar).<\/p>\n<p>En los \u00faltimos a\u00f1os los armadores han ampliado los servicios mar\u00edtimos, con el objetivo de crear un sistema internacional de log\u00edstica integrada que se base en el transporte mar\u00edtimo y que pueda satisfacer sus clientes.<\/p>\n<p>Nuestra Empresa representa un importante punto de referencia en la cadena log\u00edstica y garantiza a su clientela de armadores un servicio fundamental, en t\u00e9rminos de calidad, flexibilidad y eficiencia, con un terminal especializada en el tr\u00e1fico Ro-Ro \/ Ro-Ro Pax.<\/p>\n<p><!--more--><\/p>\n<p>La Empresa opina que, para ofrecer a sus clientes altos est\u00e1ndares de calidad de servicios, la calidad de los recursos humanos es un factor clave. Por esta raz\u00f3n, se organizan programas de adiestramiento y formaci\u00f3n, que est\u00e1n estructurados a prop\u00f3sito para esta realidad operativa.<\/p>\n<p>Fundamentales para la Empresa son las relaciones con las Compa\u00f1ias de navegaci\u00f3n, Grimaldi Lines y con Forship (Sardinia Ferries Corsica Ferries).<\/p>\n<p>Estas Compa\u00f1ias ofrecen un servicio muy bueno a sus clientes transportistas, cubriendo los enlaces mar\u00edtimos de manera muy r\u00e1pida y proporcionando a los camioneros cabinas confortables.<\/p>\n<p>Los servicios de navegaci\u00f3n de estas Compa\u00f1\u00edas representan un valioso, eficaz y firme ejemplo de la realizaci\u00f3n del proyecto de las Autostrade del Mare (Autopistas del Mar), que los Ministerios, las Autoridades Mar\u00edtimas y las Asociaciones Profesionales han puesto de relieve, con el objetivo de reducir la congesti\u00f3n de las Autopistas Italianas causada por los camiones.<\/p>\n<p>Adem\u00e1s, Seatrag Autostrade del Mare tiene la posibilidad de crear dentro de su terminal un area est\u00e9ril con una Puerta para la entrada y la salida de veh\u00edculos y pasajeros no comunitarios, con una frecuencia de dos veces semanales, utiliz\u00e1ndolo como Gate Area Extra Schengen.<\/p>\n","protected":false},"excerpt":{"rendered":"<p>La Sociedad Seatrag Autostrade del Mare S.r.l.es una terminal portuaria del Puerto de Livorno, autorizada ex art. 16\/18 L.84\/94; est\u00e1 especializada en el servicio de embarque\/desembarque en buques Ro-Ro \/ Ro-Ro Pax y ha localizado su propio negocio principal en las Autostrade del Mare (Autopistas [&hellip;]<\/p>\n","protected":false},"author":30,"featured_media":80,"parent":0,"menu_order":10,"comment_status":"open","ping_status":"closed","template":"","meta":{"footnotes":""},"acf":[],"yoast_head":"<!-- This site is optimized with the Yoast SEO plugin v21.8 - https:\/\/yoast.com\/wordpress\/plugins\/seo\/ -->\n<title>Perfil - Seatrag Autostrade del Mare S.r.l.<\/title>\n<meta name=\"robots\" content=\"index, follow, max-snippet:-1, max-image-preview:large, max-video-preview:-1\" \/>\n<link rel=\"canonical\" href=\"https:\/\/www.seatragadm.it\/profilo\/\" \/>\n<meta property=\"og:locale\" content=\"es_ES\" \/>\n<meta property=\"og:type\" content=\"article\" \/>\n<meta property=\"og:title\" content=\"Perfil - Seatrag Autostrade del Mare S.r.l.\" \/>\n<meta property=\"og:description\" content=\"La Sociedad Seatrag Autostrade del Mare S.r.l.es una terminal portuaria del Puerto de Livorno, autorizada ex art. 16\/18 L.84\/94; est\u00e1 especializada en el servicio de embarque\/desembarque en buques Ro-Ro \/ Ro-Ro Pax y ha localizado su propio negocio principal en las Autostrade del Mare (Autopistas [&hellip;]\" \/>\n<meta property=\"og:url\" content=\"https:\/\/www.seatragadm.it\/profilo\/\" \/>\n<meta property=\"og:site_name\" content=\"Seatrag Autostrade del Mare S.r.l.\" \/>\n<meta property=\"article:modified_time\" content=\"2013-05-10T17:10:02+00:00\" \/>\n<meta property=\"og:image\" content=\"https:\/\/www.seatragadm.it\/wp-content\/uploads\/2013\/03\/7-1024x521.jpg\" \/>\n\t<meta property=\"og:image:width\" content=\"1024\" \/>\n\t<meta property=\"og:image:height\" content=\"521\" \/>\n\t<meta property=\"og:image:type\" content=\"image\/jpeg\" \/>\n<meta name=\"twitter:card\" content=\"summary_large_image\" \/>\n<meta name=\"twitter:label1\" content=\"Est. reading time\" \/>\n\t<meta name=\"twitter:data1\" content=\"2 minutes\" \/>\n<script type=\"application\/ld+json\" class=\"yoast-schema-graph\">{\"@context\":\"https:\/\/schema.org\",\"@graph\":[{\"@type\":\"WebPage\",\"@id\":\"https:\/\/www.seatragadm.it\/profilo\/\",\"url\":\"https:\/\/www.seatragadm.it\/profilo\/\",\"name\":\"Perfil - Seatrag Autostrade del Mare S.r.l.\",\"isPartOf\":{\"@id\":\"https:\/\/www.seatragadm.it\/#website\"},\"datePublished\":\"2013-03-08T08:18:29+00:00\",\"dateModified\":\"2013-05-10T17:10:02+00:00\",\"breadcrumb\":{\"@id\":\"https:\/\/www.seatragadm.it\/profilo\/#breadcrumb\"},\"inLanguage\":\"es-ES\",\"potentialAction\":[{\"@type\":\"ReadAction\",\"target\":[\"https:\/\/www.seatragadm.it\/profilo\/\"]}]},{\"@type\":\"BreadcrumbList\",\"@id\":\"https:\/\/www.seatragadm.it\/profilo\/#breadcrumb\",\"itemListElement\":[{\"@type\":\"ListItem\",\"position\":1,\"name\":\"Home\",\"item\":\"https:\/\/www.seatragadm.it\/\"},{\"@type\":\"ListItem\",\"position\":2,\"name\":\"Perfil\"}]},{\"@type\":\"WebSite\",\"@id\":\"https:\/\/www.seatragadm.it\/#website\",\"url\":\"https:\/\/www.seatragadm.it\/\",\"name\":\"Seatrag Autostrade del Mare S.r.l.\",\"description\":\"\",\"potentialAction\":[{\"@type\":\"SearchAction\",\"target\":{\"@type\":\"EntryPoint\",\"urlTemplate\":\"https:\/\/www.seatragadm.it\/?s={search_term_string}\"},\"query-input\":\"required name=search_term_string\"}],\"inLanguage\":\"es-ES\"}]}<\/script>\n<!-- \/ Yoast SEO plugin. -->","yoast_head_json":{"title":"Perfil - Seatrag Autostrade del Mare S.r.l.","robots":{"index":"index","follow":"follow","max-snippet":"max-snippet:-1","max-image-preview":"max-image-preview:large","max-video-preview":"max-video-preview:-1"},"canonical":"https:\/\/www.seatragadm.it\/profilo\/","og_locale":"es_ES","og_type":"article","og_title":"Perfil - Seatrag Autostrade del Mare S.r.l.","og_description":"La Sociedad Seatrag Autostrade del Mare S.r.l.es una terminal portuaria del Puerto de Livorno, autorizada ex art. 16\/18 L.84\/94; est\u00e1 especializada en el servicio de embarque\/desembarque en buques Ro-Ro \/ Ro-Ro Pax y ha localizado su propio negocio principal en las Autostrade del Mare (Autopistas [&hellip;]","og_url":"https:\/\/www.seatragadm.it\/profilo\/","og_site_name":"Seatrag Autostrade del Mare S.r.l.","article_modified_time":"2013-05-10T17:10:02+00:00","og_image":[{"width":1024,"height":521,"url":"https:\/\/www.seatragadm.it\/wp-content\/uploads\/2013\/03\/7-1024x521.jpg","type":"image\/jpeg"}],"twitter_card":"summary_large_image","twitter_misc":{"Est. reading time":"2 minutes"},"schema":{"@context":"https:\/\/schema.org","@graph":[{"@type":"WebPage","@id":"https:\/\/www.seatragadm.it\/profilo\/","url":"https:\/\/www.seatragadm.it\/profilo\/","name":"Perfil - Seatrag Autostrade del Mare S.r.l.","isPartOf":{"@id":"https:\/\/www.seatragadm.it\/#website"},"datePublished":"2013-03-08T08:18:29+00:00","dateModified":"2013-05-10T17:10:02+00:00","breadcrumb":{"@id":"https:\/\/www.seatragadm.it\/profilo\/#breadcrumb"},"inLanguage":"es-ES","potentialAction":[{"@type":"ReadAction","target":["https:\/\/www.seatragadm.it\/profilo\/"]}]},{"@type":"BreadcrumbList","@id":"https:\/\/www.seatragadm.it\/profilo\/#breadcrumb","itemListElement":[{"@type":"ListItem","position":1,"name":"Home","item":"https:\/\/www.seatragadm.it\/"},{"@type":"ListItem","position":2,"name":"Perfil"}]},{"@type":"WebSite","@id":"https:\/\/www.seatragadm.it\/#website","url":"https:\/\/www.seatragadm.it\/","name":"Seatrag Autostrade del Mare S.r.l.","description":"","potentialAction":[{"@type":"SearchAction","target":{"@type":"EntryPoint","urlTemplate":"https:\/\/www.seatragadm.it\/?s={search_term_string}"},"query-input":"required name=search_term_string"}],"inLanguage":"es-ES"}]}},"_links":{"self":[{"href":"https:\/\/www.seatragadm.it\/es\/wp-json\/wp\/v2\/pages\/320"}],"collection":[{"href":"https:\/\/www.seatragadm.it\/es\/wp-json\/wp\/v2\/pages"}],"about":[{"href":"https:\/\/www.seatragadm.it\/es\/wp-json\/wp\/v2\/types\/page"}],"author":[{"embeddable":true,"href":"https:\/\/www.seatragadm.it\/es\/wp-json\/wp\/v2\/users\/30"}],"replies":[{"embeddable":true,"href":"https:\/\/www.seatragadm.it\/es\/wp-json\/wp\/v2\/comments?post=320"}],"version-history":[{"count":4,"href":"https:\/\/www.seatragadm.it\/es\/wp-json\/wp\/v2\/pages\/320\/revisions"}],"predecessor-version":[{"id":327,"href":"https:\/\/www.seatragadm.it\/es\/wp-json\/wp\/v2\/pages\/320\/revisions\/327"}],"wp:featuredmedia":[{"embeddable":true,"href":"https:\/\/www.seatragadm.it\/es\/wp-json\/wp\/v2\/media\/80"}],"wp:attachment":[{"href":"https:\/\/www.seatragadm.it\/es\/wp-json\/wp\/v2\/media?parent=320"}],"curies":[{"name":"wp","href":"https:\/\/api.w.org\/{rel}","templated":true}]}}